{"id":2626,"date":"2026-01-01T08:12:53","date_gmt":"2026-01-01T08:12:53","guid":{"rendered":"https:\/\/fmkstore.com\/sandbox\/?post_type=product&#038;p=2626"},"modified":"2026-01-01T08:12:53","modified_gmt":"2026-01-01T08:12:53","slug":"nivea-men-deep-spray-72hr-2","status":"publish","type":"product","link":"https:\/\/fmkstore.com\/sandbox\/fr\/product\/nivea-men-deep-spray-72hr-2\/","title":{"rendered":"NIVEA MEN DEEP SPRAY 72HR"},"content":{"rendered":"<p>NIVEA MEN Deep 72H D\u00e9odorant Spray Anti-Transpirant est un d\u00e9odorant a\u00e9rosol puissant pour hommes, enrichi en charbon actif et dot\u00e9 de la technologie MAXXTECH. Il offre jusqu&#8217;\u00e0 72 heures de protection fiable contre la transpiration, les odeurs corporelles et les taches, tout en \u00e9liminant plus de 99,9 % des bact\u00e9ries responsables des mauvaises odeurs pour une sensation de fra\u00eecheur et de s\u00e9cheresse longue dur\u00e9e.<\/p>\n<p>Avec son parfum bois\u00e9 et masculin, il s\u00e8che rapidement, ne laisse aucun r\u00e9sidu sur la peau ni sur les v\u00eatements et est test\u00e9 dermatologiquement pour respecter la peau.<\/p>\n","protected":false},"excerpt":{"rendered":"<p>NIVEA MEN Deep 72HR Anti-Perspirant Spray is a powerful men\u2019s deodorant aerosol featuring black carbon and MAXXTECH technology. It delivers up to 72 hours of reliable<\/p>\n","protected":false},"featured_media":2628,"comment_status":"open","ping_status":"closed","template":"","meta":{"bwfblock_default_font":""},"product_brand":[518],"product_cat":[979],"product_tag":[],"class_list":{"0":"post-2626","1":"product","2":"type-product","3":"status-publish","4":"has-post-thumbnail","6":"product_brand-nivea-fr","7":"product_cat-deodorants-fr","8":"product_shipping_class-simple-package","10":"first","11":"instock","12":"taxable","13":"shipping-taxable","14":"purchasable","15":"product-type-simple"},"yoast_head":"<!-- This site is optimized with the Yoast SEO plugin v26.8 - https:\/\/yoast.com\/product\/yoast-seo-wordpress\/ -->\n<title>NIVEA MEN DEEP SPRAY 72HR - FMK SANDBOX<\/title>\n<meta name=\"description\" content=\"NIVEA MEN Deep 72HR Anti-Perspirant Spray is a powerful men\u2019s deodorant aerosol featuring black carbon and MAXXTECH technology. It delivers up to 72 hours of reliable\" \/>\n<meta name=\"robots\" content=\"noindex, follow, max-snippet:-1, max-image-preview:large, max-video-preview:-1\" \/>\n<meta property=\"og:locale\" content=\"en_US\" \/>\n<meta property=\"og:type\" content=\"article\" \/>\n<meta property=\"og:title\" content=\"NIVEA MEN DEEP SPRAY 72HR - FMK SANDBOX\" \/>\n<meta property=\"og:description\" content=\"NIVEA MEN Deep 72HR Anti-Perspirant Spray is a powerful men\u2019s deodorant aerosol featuring black carbon and MAXXTECH technology. It delivers up to 72 hours of reliable\" \/>\n<meta property=\"og:url\" content=\"https:\/\/fmkstore.com\/sandbox\/fr\/product\/nivea-men-deep-spray-72hr-2\/\" \/>\n<meta property=\"og:site_name\" content=\"FMK SANDBOX\" \/>\n<meta property=\"og:image\" content=\"https:\/\/fmkstore.com\/sandbox\/wp-content\/uploads\/2026\/01\/Book-Your-Physical-Consultation-21.webp\" \/>\n\t<meta property=\"og:image:width\" content=\"1080\" \/>\n\t<meta property=\"og:image:height\" content=\"1080\" \/>\n\t<meta property=\"og:image:type\" content=\"image\/webp\" \/>\n<meta name=\"twitter:card\" content=\"summary_large_image\" \/>\n<meta name=\"twitter:label1\" content=\"Est. reading time\" \/>\n\t<meta name=\"twitter:data1\" content=\"1 minute\" \/>\n<script type=\"application\/ld+json\" class=\"yoast-schema-graph\">{\"@context\":\"https:\/\/schema.org\",\"@graph\":[{\"@type\":\"WebPage\",\"@id\":\"https:\/\/fmkstore.com\/sandbox\/fr\/product\/nivea-men-deep-spray-72hr-2\/\",\"url\":\"https:\/\/fmkstore.com\/sandbox\/fr\/product\/nivea-men-deep-spray-72hr-2\/\",\"name\":\"NIVEA MEN DEEP SPRAY 72HR - FMK SANDBOX\",\"isPartOf\":{\"@id\":\"https:\/\/fmkstore.com\/sandbox\/#website\"},\"primaryImageOfPage\":{\"@id\":\"https:\/\/fmkstore.com\/sandbox\/fr\/product\/nivea-men-deep-spray-72hr-2\/#primaryimage\"},\"image\":{\"@id\":\"https:\/\/fmkstore.com\/sandbox\/fr\/product\/nivea-men-deep-spray-72hr-2\/#primaryimage\"},\"thumbnailUrl\":\"https:\/\/fmkstore.com\/sandbox\/wp-content\/uploads\/2026\/01\/Book-Your-Physical-Consultation-21.webp\",\"datePublished\":\"2026-01-01T08:12:53+00:00\",\"description\":\"NIVEA MEN Deep 72HR Anti-Perspirant Spray is a powerful men\u2019s deodorant aerosol featuring black carbon and MAXXTECH technology. It delivers up to 72 hours of reliable\",\"breadcrumb\":{\"@id\":\"https:\/\/fmkstore.com\/sandbox\/fr\/product\/nivea-men-deep-spray-72hr-2\/#breadcrumb\"},\"inLanguage\":\"en-US\",\"potentialAction\":[{\"@type\":\"ReadAction\",\"target\":[\"https:\/\/fmkstore.com\/sandbox\/fr\/product\/nivea-men-deep-spray-72hr-2\/\"]}]},{\"@type\":\"ImageObject\",\"inLanguage\":\"en-US\",\"@id\":\"https:\/\/fmkstore.com\/sandbox\/fr\/product\/nivea-men-deep-spray-72hr-2\/#primaryimage\",\"url\":\"https:\/\/fmkstore.com\/sandbox\/wp-content\/uploads\/2026\/01\/Book-Your-Physical-Consultation-21.webp\",\"contentUrl\":\"https:\/\/fmkstore.com\/sandbox\/wp-content\/uploads\/2026\/01\/Book-Your-Physical-Consultation-21.webp\",\"width\":1080,\"height\":1080},{\"@type\":\"BreadcrumbList\",\"@id\":\"https:\/\/fmkstore.com\/sandbox\/fr\/product\/nivea-men-deep-spray-72hr-2\/#breadcrumb\",\"itemListElement\":[{\"@type\":\"ListItem\",\"position\":1,\"name\":\"Home\",\"item\":\"https:\/\/fmkstore.com\/sandbox\/en\/\"},{\"@type\":\"ListItem\",\"position\":2,\"name\":\"shop\",\"item\":\"https:\/\/fmkstore.com\/sandbox\/en\/shop-2\/\"},{\"@type\":\"ListItem\",\"position\":3,\"name\":\"NIVEA MEN DEEP SPRAY 72HR\"}]},{\"@type\":\"WebSite\",\"@id\":\"https:\/\/fmkstore.com\/sandbox\/#website\",\"url\":\"https:\/\/fmkstore.com\/sandbox\/\",\"name\":\"FMKSTORE\",\"description\":\"Style for Your Life, Solutions for Your Drive.\",\"publisher\":{\"@id\":\"https:\/\/fmkstore.com\/sandbox\/#organization\"},\"potentialAction\":[{\"@type\":\"SearchAction\",\"target\":{\"@type\":\"EntryPoint\",\"urlTemplate\":\"https:\/\/fmkstore.com\/sandbox\/?s={search_term_string}\"},\"query-input\":{\"@type\":\"PropertyValueSpecification\",\"valueRequired\":true,\"valueName\":\"search_term_string\"}}],\"inLanguage\":\"en-US\"},{\"@type\":\"Organization\",\"@id\":\"https:\/\/fmkstore.com\/sandbox\/#organization\",\"name\":\"FMKSTORE\",\"url\":\"https:\/\/fmkstore.com\/sandbox\/\",\"logo\":{\"@type\":\"ImageObject\",\"inLanguage\":\"en-US\",\"@id\":\"https:\/\/fmkstore.com\/sandbox\/#\/schema\/logo\/image\/\",\"url\":\"https:\/\/fmkstore.com\/sandbox\/wp-content\/uploads\/2025\/10\/FMk-Stores-Purple-Logo-Mark-1.png\",\"contentUrl\":\"https:\/\/fmkstore.com\/sandbox\/wp-content\/uploads\/2025\/10\/FMk-Stores-Purple-Logo-Mark-1.png\",\"width\":576,\"height\":720,\"caption\":\"FMKSTORE\"},\"image\":{\"@id\":\"https:\/\/fmkstore.com\/sandbox\/#\/schema\/logo\/image\/\"}}]}<\/script>\n<!-- \/ Yoast SEO plugin. -->","yoast_head_json":{"title":"NIVEA MEN DEEP SPRAY 72HR - FMK SANDBOX","description":"NIVEA MEN Deep 72HR Anti-Perspirant Spray is a powerful men\u2019s deodorant aerosol featuring black carbon and MAXXTECH technology. It delivers up to 72 hours of reliable","robots":{"index":"noindex","follow":"follow","max-snippet":"max-snippet:-1","max-image-preview":"max-image-preview:large","max-video-preview":"max-video-preview:-1"},"og_locale":"en_US","og_type":"article","og_title":"NIVEA MEN DEEP SPRAY 72HR - FMK SANDBOX","og_description":"NIVEA MEN Deep 72HR Anti-Perspirant Spray is a powerful men\u2019s deodorant aerosol featuring black carbon and MAXXTECH technology. It delivers up to 72 hours of reliable","og_url":"https:\/\/fmkstore.com\/sandbox\/fr\/product\/nivea-men-deep-spray-72hr-2\/","og_site_name":"FMK SANDBOX","og_image":[{"width":1080,"height":1080,"url":"https:\/\/fmkstore.com\/sandbox\/wp-content\/uploads\/2026\/01\/Book-Your-Physical-Consultation-21.webp","type":"image\/webp"}],"twitter_card":"summary_large_image","twitter_misc":{"Est. reading time":"1 minute"},"schema":{"@context":"https:\/\/schema.org","@graph":[{"@type":"WebPage","@id":"https:\/\/fmkstore.com\/sandbox\/fr\/product\/nivea-men-deep-spray-72hr-2\/","url":"https:\/\/fmkstore.com\/sandbox\/fr\/product\/nivea-men-deep-spray-72hr-2\/","name":"NIVEA MEN DEEP SPRAY 72HR - FMK SANDBOX","isPartOf":{"@id":"https:\/\/fmkstore.com\/sandbox\/#website"},"primaryImageOfPage":{"@id":"https:\/\/fmkstore.com\/sandbox\/fr\/product\/nivea-men-deep-spray-72hr-2\/#primaryimage"},"image":{"@id":"https:\/\/fmkstore.com\/sandbox\/fr\/product\/nivea-men-deep-spray-72hr-2\/#primaryimage"},"thumbnailUrl":"https:\/\/fmkstore.com\/sandbox\/wp-content\/uploads\/2026\/01\/Book-Your-Physical-Consultation-21.webp","datePublished":"2026-01-01T08:12:53+00:00","description":"NIVEA MEN Deep 72HR Anti-Perspirant Spray is a powerful men\u2019s deodorant aerosol featuring black carbon and MAXXTECH technology. It delivers up to 72 hours of reliable","breadcrumb":{"@id":"https:\/\/fmkstore.com\/sandbox\/fr\/product\/nivea-men-deep-spray-72hr-2\/#breadcrumb"},"inLanguage":"en-US","potentialAction":[{"@type":"ReadAction","target":["https:\/\/fmkstore.com\/sandbox\/fr\/product\/nivea-men-deep-spray-72hr-2\/"]}]},{"@type":"ImageObject","inLanguage":"en-US","@id":"https:\/\/fmkstore.com\/sandbox\/fr\/product\/nivea-men-deep-spray-72hr-2\/#primaryimage","url":"https:\/\/fmkstore.com\/sandbox\/wp-content\/uploads\/2026\/01\/Book-Your-Physical-Consultation-21.webp","contentUrl":"https:\/\/fmkstore.com\/sandbox\/wp-content\/uploads\/2026\/01\/Book-Your-Physical-Consultation-21.webp","width":1080,"height":1080},{"@type":"BreadcrumbList","@id":"https:\/\/fmkstore.com\/sandbox\/fr\/product\/nivea-men-deep-spray-72hr-2\/#breadcrumb","itemListElement":[{"@type":"ListItem","position":1,"name":"Home","item":"https:\/\/fmkstore.com\/sandbox\/en\/"},{"@type":"ListItem","position":2,"name":"shop","item":"https:\/\/fmkstore.com\/sandbox\/en\/shop-2\/"},{"@type":"ListItem","position":3,"name":"NIVEA MEN DEEP SPRAY 72HR"}]},{"@type":"WebSite","@id":"https:\/\/fmkstore.com\/sandbox\/#website","url":"https:\/\/fmkstore.com\/sandbox\/","name":"FMKSTORE","description":"Style for Your Life, Solutions for Your Drive.","publisher":{"@id":"https:\/\/fmkstore.com\/sandbox\/#organization"},"potentialAction":[{"@type":"SearchAction","target":{"@type":"EntryPoint","urlTemplate":"https:\/\/fmkstore.com\/sandbox\/?s={search_term_string}"},"query-input":{"@type":"PropertyValueSpecification","valueRequired":true,"valueName":"search_term_string"}}],"inLanguage":"en-US"},{"@type":"Organization","@id":"https:\/\/fmkstore.com\/sandbox\/#organization","name":"FMKSTORE","url":"https:\/\/fmkstore.com\/sandbox\/","logo":{"@type":"ImageObject","inLanguage":"en-US","@id":"https:\/\/fmkstore.com\/sandbox\/#\/schema\/logo\/image\/","url":"https:\/\/fmkstore.com\/sandbox\/wp-content\/uploads\/2025\/10\/FMk-Stores-Purple-Logo-Mark-1.png","contentUrl":"https:\/\/fmkstore.com\/sandbox\/wp-content\/uploads\/2025\/10\/FMk-Stores-Purple-Logo-Mark-1.png","width":576,"height":720,"caption":"FMKSTORE"},"image":{"@id":"https:\/\/fmkstore.com\/sandbox\/#\/schema\/logo\/image\/"}}]}},"jetpack_sharing_enabled":true,"_links":{"self":[{"href":"https:\/\/fmkstore.com\/sandbox\/wp-json\/wp\/v2\/product\/2626","targetHints":{"allow":["GET"]}}],"collection":[{"href":"https:\/\/fmkstore.com\/sandbox\/wp-json\/wp\/v2\/product"}],"about":[{"href":"https:\/\/fmkstore.com\/sandbox\/wp-json\/wp\/v2\/types\/product"}],"replies":[{"embeddable":true,"href":"https:\/\/fmkstore.com\/sandbox\/wp-json\/wp\/v2\/comments?post=2626"}],"wp:featuredmedia":[{"embeddable":true,"href":"https:\/\/fmkstore.com\/sandbox\/wp-json\/wp\/v2\/media\/2628"}],"wp:attachment":[{"href":"https:\/\/fmkstore.com\/sandbox\/wp-json\/wp\/v2\/media?parent=2626"}],"wp:term":[{"taxonomy":"product_brand","embeddable":true,"href":"https:\/\/fmkstore.com\/sandbox\/wp-json\/wp\/v2\/product_brand?post=2626"},{"taxonomy":"product_cat","embeddable":true,"href":"https:\/\/fmkstore.com\/sandbox\/wp-json\/wp\/v2\/product_cat?post=2626"},{"taxonomy":"product_tag","embeddable":true,"href":"https:\/\/fmkstore.com\/sandbox\/wp-json\/wp\/v2\/product_tag?post=2626"}],"curies":[{"name":"wp","href":"https:\/\/api.w.org\/{rel}","templated":true}]}}