{"id":2625,"date":"2026-01-01T08:04:34","date_gmt":"2026-01-01T08:04:34","guid":{"rendered":"https:\/\/fmkstore.com\/sandbox\/?post_type=product&#038;p=2625"},"modified":"2026-01-01T09:09:30","modified_gmt":"2026-01-01T09:09:30","slug":"nivea-men-silver-protect-2","status":"publish","type":"product","link":"https:\/\/fmkstore.com\/sandbox\/fr\/product\/nivea-men-silver-protect-2\/","title":{"rendered":"NIVEA MEN Silver Protect"},"content":{"rendered":"<p>NIVEA MEN Silver Protect Anti-Perspirant Spray is a powerful men\u2019s deodorant featuring an innovative anti-bacterial formula with silver ions that effectively eliminates odor-causing bacteria.<br \/>\nIt provides reliable 48-hour protection against sweat and body odor, keeping you feeling fresh and confident all day.<br \/>\nThe quick-drying formula is gentle on skin (dermatologically tested), leaves no white marks or residue, and has a modern, masculine fragrance with fresh and crisp notes.<\/p>\n","protected":false},"excerpt":{"rendered":"<p>Le d\u00e9odorant anti-transpirant NIVEA MEN Silver Protect est un d\u00e9odorant puissant pour hommes dot\u00e9 d&#8217;une formule antibact\u00e9rienne innovante aux ions d&#8217;argent qui \u00e9limine efficacement les bact\u00e9ries responsables des mauvaises odeurs.<\/p>\n","protected":false},"featured_media":2624,"comment_status":"open","ping_status":"closed","template":"","meta":{"bwfblock_default_font":""},"product_brand":[518],"product_cat":[979,965],"product_tag":[523,982],"class_list":{"0":"post-2625","1":"product","2":"type-product","3":"status-publish","4":"has-post-thumbnail","6":"product_brand-nivea-fr","7":"product_cat-deodorants-fr","8":"product_cat-offres","9":"product_tag-nivea-fr","10":"product_tag-trigger-vip-fr","11":"product_shipping_class-simple-package","13":"first","14":"instock","15":"taxable","16":"shipping-taxable","17":"purchasable","18":"product-type-simple"},"yoast_head":"<!-- This site is optimized with the Yoast SEO plugin v26.8 - https:\/\/yoast.com\/product\/yoast-seo-wordpress\/ -->\n<title>NIVEA MEN Silver Protect - FMK SANDBOX<\/title>\n<meta name=\"robots\" content=\"noindex, follow, max-snippet:-1, max-image-preview:large, max-video-preview:-1\" \/>\n<meta property=\"og:locale\" content=\"en_US\" \/>\n<meta property=\"og:type\" content=\"article\" \/>\n<meta property=\"og:title\" content=\"NIVEA MEN Silver Protect - FMK SANDBOX\" \/>\n<meta property=\"og:description\" content=\"Le d\u00e9odorant anti-transpirant NIVEA MEN Silver Protect est un d\u00e9odorant puissant pour hommes dot\u00e9 d&#039;une formule antibact\u00e9rienne innovante aux ions d&#039;argent qui \u00e9limine efficacement les bact\u00e9ries responsables des mauvaises odeurs.\" \/>\n<meta property=\"og:url\" content=\"https:\/\/fmkstore.com\/sandbox\/fr\/product\/nivea-men-silver-protect-2\/\" \/>\n<meta property=\"og:site_name\" content=\"FMK SANDBOX\" \/>\n<meta property=\"article:modified_time\" content=\"2026-01-01T09:09:30+00:00\" \/>\n<meta property=\"og:image\" content=\"https:\/\/fmkstore.com\/sandbox\/wp-content\/uploads\/2025\/12\/1000493351.png\" \/>\n\t<meta property=\"og:image:width\" content=\"1010\" \/>\n\t<meta property=\"og:image:height\" content=\"1180\" \/>\n\t<meta property=\"og:image:type\" content=\"image\/png\" \/>\n<meta name=\"twitter:card\" content=\"summary_large_image\" \/>\n<meta name=\"twitter:label1\" content=\"Est. reading time\" \/>\n\t<meta name=\"twitter:data1\" content=\"1 minute\" \/>\n<script type=\"application\/ld+json\" class=\"yoast-schema-graph\">{\"@context\":\"https:\/\/schema.org\",\"@graph\":[{\"@type\":\"WebPage\",\"@id\":\"https:\/\/fmkstore.com\/sandbox\/fr\/product\/nivea-men-silver-protect-2\/\",\"url\":\"https:\/\/fmkstore.com\/sandbox\/fr\/product\/nivea-men-silver-protect-2\/\",\"name\":\"NIVEA MEN Silver Protect - FMK SANDBOX\",\"isPartOf\":{\"@id\":\"https:\/\/fmkstore.com\/sandbox\/#website\"},\"primaryImageOfPage\":{\"@id\":\"https:\/\/fmkstore.com\/sandbox\/fr\/product\/nivea-men-silver-protect-2\/#primaryimage\"},\"image\":{\"@id\":\"https:\/\/fmkstore.com\/sandbox\/fr\/product\/nivea-men-silver-protect-2\/#primaryimage\"},\"thumbnailUrl\":\"https:\/\/fmkstore.com\/sandbox\/wp-content\/uploads\/2025\/12\/1000493351.png\",\"datePublished\":\"2026-01-01T08:04:34+00:00\",\"dateModified\":\"2026-01-01T09:09:30+00:00\",\"breadcrumb\":{\"@id\":\"https:\/\/fmkstore.com\/sandbox\/fr\/product\/nivea-men-silver-protect-2\/#breadcrumb\"},\"inLanguage\":\"en-US\",\"potentialAction\":[{\"@type\":\"ReadAction\",\"target\":[\"https:\/\/fmkstore.com\/sandbox\/fr\/product\/nivea-men-silver-protect-2\/\"]}]},{\"@type\":\"ImageObject\",\"inLanguage\":\"en-US\",\"@id\":\"https:\/\/fmkstore.com\/sandbox\/fr\/product\/nivea-men-silver-protect-2\/#primaryimage\",\"url\":\"https:\/\/fmkstore.com\/sandbox\/wp-content\/uploads\/2025\/12\/1000493351.png\",\"contentUrl\":\"https:\/\/fmkstore.com\/sandbox\/wp-content\/uploads\/2025\/12\/1000493351.png\",\"width\":1010,\"height\":1180},{\"@type\":\"BreadcrumbList\",\"@id\":\"https:\/\/fmkstore.com\/sandbox\/fr\/product\/nivea-men-silver-protect-2\/#breadcrumb\",\"itemListElement\":[{\"@type\":\"ListItem\",\"position\":1,\"name\":\"Home\",\"item\":\"https:\/\/fmkstore.com\/sandbox\/en\/\"},{\"@type\":\"ListItem\",\"position\":2,\"name\":\"shop\",\"item\":\"https:\/\/fmkstore.com\/sandbox\/en\/shop-2\/\"},{\"@type\":\"ListItem\",\"position\":3,\"name\":\"NIVEA MEN Silver Protect\"}]},{\"@type\":\"WebSite\",\"@id\":\"https:\/\/fmkstore.com\/sandbox\/#website\",\"url\":\"https:\/\/fmkstore.com\/sandbox\/\",\"name\":\"FMKSTORE\",\"description\":\"Style for Your Life, Solutions for Your Drive.\",\"publisher\":{\"@id\":\"https:\/\/fmkstore.com\/sandbox\/#organization\"},\"potentialAction\":[{\"@type\":\"SearchAction\",\"target\":{\"@type\":\"EntryPoint\",\"urlTemplate\":\"https:\/\/fmkstore.com\/sandbox\/?s={search_term_string}\"},\"query-input\":{\"@type\":\"PropertyValueSpecification\",\"valueRequired\":true,\"valueName\":\"search_term_string\"}}],\"inLanguage\":\"en-US\"},{\"@type\":\"Organization\",\"@id\":\"https:\/\/fmkstore.com\/sandbox\/#organization\",\"name\":\"FMKSTORE\",\"url\":\"https:\/\/fmkstore.com\/sandbox\/\",\"logo\":{\"@type\":\"ImageObject\",\"inLanguage\":\"en-US\",\"@id\":\"https:\/\/fmkstore.com\/sandbox\/#\/schema\/logo\/image\/\",\"url\":\"https:\/\/fmkstore.com\/sandbox\/wp-content\/uploads\/2025\/10\/FMk-Stores-Purple-Logo-Mark-1.png\",\"contentUrl\":\"https:\/\/fmkstore.com\/sandbox\/wp-content\/uploads\/2025\/10\/FMk-Stores-Purple-Logo-Mark-1.png\",\"width\":576,\"height\":720,\"caption\":\"FMKSTORE\"},\"image\":{\"@id\":\"https:\/\/fmkstore.com\/sandbox\/#\/schema\/logo\/image\/\"}}]}<\/script>\n<!-- \/ Yoast SEO plugin. -->","yoast_head_json":{"title":"NIVEA MEN Silver Protect - FMK SANDBOX","robots":{"index":"noindex","follow":"follow","max-snippet":"max-snippet:-1","max-image-preview":"max-image-preview:large","max-video-preview":"max-video-preview:-1"},"og_locale":"en_US","og_type":"article","og_title":"NIVEA MEN Silver Protect - FMK SANDBOX","og_description":"Le d\u00e9odorant anti-transpirant NIVEA MEN Silver Protect est un d\u00e9odorant puissant pour hommes dot\u00e9 d'une formule antibact\u00e9rienne innovante aux ions d'argent qui \u00e9limine efficacement les bact\u00e9ries responsables des mauvaises odeurs.","og_url":"https:\/\/fmkstore.com\/sandbox\/fr\/product\/nivea-men-silver-protect-2\/","og_site_name":"FMK SANDBOX","article_modified_time":"2026-01-01T09:09:30+00:00","og_image":[{"width":1010,"height":1180,"url":"https:\/\/fmkstore.com\/sandbox\/wp-content\/uploads\/2025\/12\/1000493351.png","type":"image\/png"}],"twitter_card":"summary_large_image","twitter_misc":{"Est. reading time":"1 minute"},"schema":{"@context":"https:\/\/schema.org","@graph":[{"@type":"WebPage","@id":"https:\/\/fmkstore.com\/sandbox\/fr\/product\/nivea-men-silver-protect-2\/","url":"https:\/\/fmkstore.com\/sandbox\/fr\/product\/nivea-men-silver-protect-2\/","name":"NIVEA MEN Silver Protect - FMK SANDBOX","isPartOf":{"@id":"https:\/\/fmkstore.com\/sandbox\/#website"},"primaryImageOfPage":{"@id":"https:\/\/fmkstore.com\/sandbox\/fr\/product\/nivea-men-silver-protect-2\/#primaryimage"},"image":{"@id":"https:\/\/fmkstore.com\/sandbox\/fr\/product\/nivea-men-silver-protect-2\/#primaryimage"},"thumbnailUrl":"https:\/\/fmkstore.com\/sandbox\/wp-content\/uploads\/2025\/12\/1000493351.png","datePublished":"2026-01-01T08:04:34+00:00","dateModified":"2026-01-01T09:09:30+00:00","breadcrumb":{"@id":"https:\/\/fmkstore.com\/sandbox\/fr\/product\/nivea-men-silver-protect-2\/#breadcrumb"},"inLanguage":"en-US","potentialAction":[{"@type":"ReadAction","target":["https:\/\/fmkstore.com\/sandbox\/fr\/product\/nivea-men-silver-protect-2\/"]}]},{"@type":"ImageObject","inLanguage":"en-US","@id":"https:\/\/fmkstore.com\/sandbox\/fr\/product\/nivea-men-silver-protect-2\/#primaryimage","url":"https:\/\/fmkstore.com\/sandbox\/wp-content\/uploads\/2025\/12\/1000493351.png","contentUrl":"https:\/\/fmkstore.com\/sandbox\/wp-content\/uploads\/2025\/12\/1000493351.png","width":1010,"height":1180},{"@type":"BreadcrumbList","@id":"https:\/\/fmkstore.com\/sandbox\/fr\/product\/nivea-men-silver-protect-2\/#breadcrumb","itemListElement":[{"@type":"ListItem","position":1,"name":"Home","item":"https:\/\/fmkstore.com\/sandbox\/en\/"},{"@type":"ListItem","position":2,"name":"shop","item":"https:\/\/fmkstore.com\/sandbox\/en\/shop-2\/"},{"@type":"ListItem","position":3,"name":"NIVEA MEN Silver Protect"}]},{"@type":"WebSite","@id":"https:\/\/fmkstore.com\/sandbox\/#website","url":"https:\/\/fmkstore.com\/sandbox\/","name":"FMKSTORE","description":"Style for Your Life, Solutions for Your Drive.","publisher":{"@id":"https:\/\/fmkstore.com\/sandbox\/#organization"},"potentialAction":[{"@type":"SearchAction","target":{"@type":"EntryPoint","urlTemplate":"https:\/\/fmkstore.com\/sandbox\/?s={search_term_string}"},"query-input":{"@type":"PropertyValueSpecification","valueRequired":true,"valueName":"search_term_string"}}],"inLanguage":"en-US"},{"@type":"Organization","@id":"https:\/\/fmkstore.com\/sandbox\/#organization","name":"FMKSTORE","url":"https:\/\/fmkstore.com\/sandbox\/","logo":{"@type":"ImageObject","inLanguage":"en-US","@id":"https:\/\/fmkstore.com\/sandbox\/#\/schema\/logo\/image\/","url":"https:\/\/fmkstore.com\/sandbox\/wp-content\/uploads\/2025\/10\/FMk-Stores-Purple-Logo-Mark-1.png","contentUrl":"https:\/\/fmkstore.com\/sandbox\/wp-content\/uploads\/2025\/10\/FMk-Stores-Purple-Logo-Mark-1.png","width":576,"height":720,"caption":"FMKSTORE"},"image":{"@id":"https:\/\/fmkstore.com\/sandbox\/#\/schema\/logo\/image\/"}}]}},"jetpack_sharing_enabled":true,"_links":{"self":[{"href":"https:\/\/fmkstore.com\/sandbox\/wp-json\/wp\/v2\/product\/2625","targetHints":{"allow":["GET"]}}],"collection":[{"href":"https:\/\/fmkstore.com\/sandbox\/wp-json\/wp\/v2\/product"}],"about":[{"href":"https:\/\/fmkstore.com\/sandbox\/wp-json\/wp\/v2\/types\/product"}],"replies":[{"embeddable":true,"href":"https:\/\/fmkstore.com\/sandbox\/wp-json\/wp\/v2\/comments?post=2625"}],"wp:featuredmedia":[{"embeddable":true,"href":"https:\/\/fmkstore.com\/sandbox\/wp-json\/wp\/v2\/media\/2624"}],"wp:attachment":[{"href":"https:\/\/fmkstore.com\/sandbox\/wp-json\/wp\/v2\/media?parent=2625"}],"wp:term":[{"taxonomy":"product_brand","embeddable":true,"href":"https:\/\/fmkstore.com\/sandbox\/wp-json\/wp\/v2\/product_brand?post=2625"},{"taxonomy":"product_cat","embeddable":true,"href":"https:\/\/fmkstore.com\/sandbox\/wp-json\/wp\/v2\/product_cat?post=2625"},{"taxonomy":"product_tag","embeddable":true,"href":"https:\/\/fmkstore.com\/sandbox\/wp-json\/wp\/v2\/product_tag?post=2625"}],"curies":[{"name":"wp","href":"https:\/\/api.w.org\/{rel}","templated":true}]}}