{"id":1945,"date":"2025-12-06T06:13:57","date_gmt":"2025-12-06T06:13:57","guid":{"rendered":"https:\/\/fmkstore.com\/sandbox\/?post_type=product&#038;p=1945"},"modified":"2026-01-01T08:46:01","modified_gmt":"2026-01-01T08:46:01","slug":"noir-paris-26-intense-eau-de-parfum-2","status":"publish","type":"product","link":"https:\/\/fmkstore.com\/sandbox\/fr\/product\/noir-paris-26-intense-eau-de-parfum-2\/","title":{"rendered":"Noir Paris 26 Intense Eau de Parfum"},"content":{"rendered":"<h3 data-path-to-node=\"20\"><b>Noir Paris 26 Intense : L&#8217;Essence de la Sophistication Nocturne<\/b><\/h3>\n<p data-path-to-node=\"21\"><b>Noir Paris 26 Intense<\/b> est une Eau de Parfum imposante, con\u00e7ue pour l&#8217;individu \u00e0 la recherche d&#8217;un parfum signature myst\u00e9rieux et durable. Fid\u00e8le \u00e0 son nom, cette fragrance offre une intensit\u00e9 profonde, m\u00e9langeant des accords sombres et riches pour cr\u00e9er une pr\u00e9sence chaleureuse, sensuelle et inoubliable.<\/p>\n<p data-path-to-node=\"22\"><b>&#x1f443; Le Profil Olfactif Intense (Inf\u00e9rence)<\/b><\/p>\n<ul data-path-to-node=\"23\">\n<li>\n<p data-path-to-node=\"23,0,0\"><b>Profil Olfactif :<\/b> Oriental, Bois\u00e9 \u00c9pic\u00e9, Intense, Chaleureux.<\/p>\n<\/li>\n<li>\n<p data-path-to-node=\"23,1,0\"><b>Exp\u00e9rience :<\/b> Id\u00e9al pour les soir\u00e9es ou le temps froid, laissant un sillage captivant et luxueux.<\/p>\n<\/li>\n<\/ul>\n<table data-path-to-node=\"24\">\n<thead>\n<tr>\n<td><strong>Type de Note (Typique des Profils Noir Intense)<\/strong><\/td>\n<td><strong>Description<\/strong><\/td>\n<\/tr>\n<\/thead>\n<tbody>\n<tr>\n<td><span data-path-to-node=\"24,1,0,0\"><b>Notes de T\u00eate (Myst\u00e8re Imm\u00e9diat)<\/b><\/span><\/td>\n<td><span data-path-to-node=\"24,1,1,0\">\u00c9pices Chaleureuses, Zeste Frais (ex. : Safran, Cardamome, Bergamote)<\/span><\/td>\n<\/tr>\n<tr>\n<td><span data-path-to-node=\"24,2,0,0\"><b>Notes de C\u0153ur (Noyau Riche)<\/b><\/span><\/td>\n<td><span data-path-to-node=\"24,2,1,0\">Fleurs Sombres, Bois Profonds (ex. : Rose, Patchouli, Oud)<\/span><\/td>\n<\/tr>\n<tr>\n<td><span data-path-to-node=\"24,3,0,0\"><b>Notes de Fond (Puissance Durable)<\/b><\/span><\/td>\n<td><span data-path-to-node=\"24,3,1,0\">Ambre, Cuir, Vanille, Musc (ex. : F\u00e8ve Tonka, Bois de C\u00e8dre)<\/span><\/td>\n<\/tr>\n<\/tbody>\n<\/table>\n<p data-path-to-node=\"25\"><b>&#x2728; Sp\u00e9cifications du Produit<\/b><\/p>\n<ul data-path-to-node=\"26\">\n<li>\n<p data-path-to-node=\"26,0,0\"><b>Nom du Produit :<\/b> Noir Paris 26 Intense<\/p>\n<\/li>\n<li>\n<p data-path-to-node=\"26,1,0\"><b>Type :<\/b> Eau de Parfum (EDP) \/ Intense<\/p>\n<\/li>\n<li>\n<p data-path-to-node=\"26,2,0\"><b>Volume :<\/b> G\u00e9n\u00e9ralement 100ml (\u00e0 confirmer sur le flacon)<\/p>\n<\/li>\n<li>\n<p data-path-to-node=\"26,3,0\"><b>Public Cible :<\/b> Mixte ou sp\u00e9cifi\u00e9 par l&#8217;emballage (Souvent commercialis\u00e9 pour les Hommes en raison de l&#8217;intensit\u00e9).<\/p>\n<\/li>\n<\/ul>\n<p data-path-to-node=\"27\"><b>&#x1f33f; Ingr\u00e9dients (Formulation typique d&#8217;un Parfum)<\/b><\/p>\n<ul data-path-to-node=\"28\">\n<li>\n<p data-path-to-node=\"28,0,0\"><b>Alcohol D\u00e9nat. :<\/b> Support\/Solvant.<\/p>\n<\/li>\n<li>\n<p data-path-to-node=\"28,1,0\"><b>Parfum (Fragrance) :<\/b> Le m\u00e9lange d&#8217;huiles essentielles concentr\u00e9es.<\/p>\n<\/li>\n<li>\n<p data-path-to-node=\"28,2,0\"><b>Aqua (Eau) :<\/b> Diluant.<\/p>\n<\/li>\n<li>\n<p data-path-to-node=\"28,3,0\"><b>Peut Contenir :<\/b> Des ingr\u00e9dients comme la Coumarine, le Limon\u00e8ne ou le Linalol (pour ajouter profondeur et long\u00e9vit\u00e9).<\/p>\n<\/li>\n<\/ul>\n","protected":false},"excerpt":{"rendered":"<p><strong>&#x26ab; Noir Paris 26 Intense Eau de Parfum.<\/strong>Plongez dans la nuit avec cette <b>EDP puissante, intense et sombre<\/b>. Une fusion sophistiqu\u00e9e de riches <b>notes orientales et de bois profonds<\/b>. Longue dur\u00e9e et fonci\u00e8rement myst\u00e9rieux. <b>Adoptez l\u2019intensit\u00e9.<\/b><\/p>\n","protected":false},"featured_media":1946,"comment_status":"open","ping_status":"closed","template":"","meta":{"bwfblock_default_font":""},"product_brand":[],"product_cat":[324,965,314],"product_tag":[982],"class_list":{"0":"post-1945","1":"product","2":"type-product","3":"status-publish","4":"has-post-thumbnail","6":"product_cat-parfum","7":"product_cat-offres","8":"product_cat-vente-flash","9":"product_tag-trigger-vip-fr","10":"product_shipping_class-medium-package","12":"first","13":"instock","14":"sale","15":"taxable","16":"shipping-taxable","17":"purchasable","18":"product-type-simple"},"yoast_head":"<!-- This site is optimized with the Yoast SEO plugin v26.8 - https:\/\/yoast.com\/product\/yoast-seo-wordpress\/ -->\n<title>Noir Paris 26 Intense Eau de Parfum - FMK SANDBOX<\/title>\n<meta name=\"robots\" content=\"noindex, follow, max-snippet:-1, max-image-preview:large, max-video-preview:-1\" \/>\n<meta property=\"og:locale\" content=\"en_US\" \/>\n<meta property=\"og:type\" content=\"article\" \/>\n<meta property=\"og:title\" content=\"Noir Paris 26 Intense Eau de Parfum - FMK SANDBOX\" \/>\n<meta property=\"og:description\" content=\"&#x26ab; Noir Paris 26 Intense Eau de Parfum.Plongez dans la nuit avec cette EDP puissante, intense et sombre. Une fusion sophistiqu\u00e9e de riches notes orientales et de bois profonds. Longue dur\u00e9e et fonci\u00e8rement myst\u00e9rieux. Adoptez l\u2019intensit\u00e9.\" \/>\n<meta property=\"og:url\" content=\"https:\/\/fmkstore.com\/sandbox\/fr\/product\/noir-paris-26-intense-eau-de-parfum-2\/\" \/>\n<meta property=\"og:site_name\" content=\"FMK SANDBOX\" \/>\n<meta property=\"article:modified_time\" content=\"2026-01-01T08:46:01+00:00\" \/>\n<meta property=\"og:image\" content=\"https:\/\/fmkstore.com\/sandbox\/wp-content\/uploads\/2025\/12\/n6.jpg\" \/>\n\t<meta property=\"og:image:width\" content=\"800\" \/>\n\t<meta property=\"og:image:height\" content=\"800\" \/>\n\t<meta property=\"og:image:type\" content=\"image\/jpeg\" \/>\n<meta name=\"twitter:card\" content=\"summary_large_image\" \/>\n<meta name=\"twitter:label1\" content=\"Est. reading time\" \/>\n\t<meta name=\"twitter:data1\" content=\"1 minute\" \/>\n<script type=\"application\/ld+json\" class=\"yoast-schema-graph\">{\"@context\":\"https:\/\/schema.org\",\"@graph\":[{\"@type\":\"WebPage\",\"@id\":\"https:\/\/fmkstore.com\/sandbox\/fr\/product\/noir-paris-26-intense-eau-de-parfum-2\/\",\"url\":\"https:\/\/fmkstore.com\/sandbox\/fr\/product\/noir-paris-26-intense-eau-de-parfum-2\/\",\"name\":\"Noir Paris 26 Intense Eau de Parfum - FMK SANDBOX\",\"isPartOf\":{\"@id\":\"https:\/\/fmkstore.com\/sandbox\/#website\"},\"primaryImageOfPage\":{\"@id\":\"https:\/\/fmkstore.com\/sandbox\/fr\/product\/noir-paris-26-intense-eau-de-parfum-2\/#primaryimage\"},\"image\":{\"@id\":\"https:\/\/fmkstore.com\/sandbox\/fr\/product\/noir-paris-26-intense-eau-de-parfum-2\/#primaryimage\"},\"thumbnailUrl\":\"https:\/\/fmkstore.com\/sandbox\/wp-content\/uploads\/2025\/12\/n6.jpg\",\"datePublished\":\"2025-12-06T06:13:57+00:00\",\"dateModified\":\"2026-01-01T08:46:01+00:00\",\"breadcrumb\":{\"@id\":\"https:\/\/fmkstore.com\/sandbox\/fr\/product\/noir-paris-26-intense-eau-de-parfum-2\/#breadcrumb\"},\"inLanguage\":\"en-US\",\"potentialAction\":[{\"@type\":\"ReadAction\",\"target\":[\"https:\/\/fmkstore.com\/sandbox\/fr\/product\/noir-paris-26-intense-eau-de-parfum-2\/\"]}]},{\"@type\":\"ImageObject\",\"inLanguage\":\"en-US\",\"@id\":\"https:\/\/fmkstore.com\/sandbox\/fr\/product\/noir-paris-26-intense-eau-de-parfum-2\/#primaryimage\",\"url\":\"https:\/\/fmkstore.com\/sandbox\/wp-content\/uploads\/2025\/12\/n6.jpg\",\"contentUrl\":\"https:\/\/fmkstore.com\/sandbox\/wp-content\/uploads\/2025\/12\/n6.jpg\",\"width\":800,\"height\":800},{\"@type\":\"BreadcrumbList\",\"@id\":\"https:\/\/fmkstore.com\/sandbox\/fr\/product\/noir-paris-26-intense-eau-de-parfum-2\/#breadcrumb\",\"itemListElement\":[{\"@type\":\"ListItem\",\"position\":1,\"name\":\"Home\",\"item\":\"https:\/\/fmkstore.com\/sandbox\/en\/\"},{\"@type\":\"ListItem\",\"position\":2,\"name\":\"shop\",\"item\":\"https:\/\/fmkstore.com\/sandbox\/en\/shop-2\/\"},{\"@type\":\"ListItem\",\"position\":3,\"name\":\"Noir Paris 26 Intense Eau de Parfum\"}]},{\"@type\":\"WebSite\",\"@id\":\"https:\/\/fmkstore.com\/sandbox\/#website\",\"url\":\"https:\/\/fmkstore.com\/sandbox\/\",\"name\":\"FMKSTORE\",\"description\":\"Style for Your Life, Solutions for Your Drive.\",\"publisher\":{\"@id\":\"https:\/\/fmkstore.com\/sandbox\/#organization\"},\"potentialAction\":[{\"@type\":\"SearchAction\",\"target\":{\"@type\":\"EntryPoint\",\"urlTemplate\":\"https:\/\/fmkstore.com\/sandbox\/?s={search_term_string}\"},\"query-input\":{\"@type\":\"PropertyValueSpecification\",\"valueRequired\":true,\"valueName\":\"search_term_string\"}}],\"inLanguage\":\"en-US\"},{\"@type\":\"Organization\",\"@id\":\"https:\/\/fmkstore.com\/sandbox\/#organization\",\"name\":\"FMKSTORE\",\"url\":\"https:\/\/fmkstore.com\/sandbox\/\",\"logo\":{\"@type\":\"ImageObject\",\"inLanguage\":\"en-US\",\"@id\":\"https:\/\/fmkstore.com\/sandbox\/#\/schema\/logo\/image\/\",\"url\":\"https:\/\/fmkstore.com\/sandbox\/wp-content\/uploads\/2025\/10\/FMk-Stores-Purple-Logo-Mark-1.png\",\"contentUrl\":\"https:\/\/fmkstore.com\/sandbox\/wp-content\/uploads\/2025\/10\/FMk-Stores-Purple-Logo-Mark-1.png\",\"width\":576,\"height\":720,\"caption\":\"FMKSTORE\"},\"image\":{\"@id\":\"https:\/\/fmkstore.com\/sandbox\/#\/schema\/logo\/image\/\"}}]}<\/script>\n<!-- \/ Yoast SEO plugin. -->","yoast_head_json":{"title":"Noir Paris 26 Intense Eau de Parfum - FMK SANDBOX","robots":{"index":"noindex","follow":"follow","max-snippet":"max-snippet:-1","max-image-preview":"max-image-preview:large","max-video-preview":"max-video-preview:-1"},"og_locale":"en_US","og_type":"article","og_title":"Noir Paris 26 Intense Eau de Parfum - FMK SANDBOX","og_description":"&#x26ab; Noir Paris 26 Intense Eau de Parfum.Plongez dans la nuit avec cette EDP puissante, intense et sombre. Une fusion sophistiqu\u00e9e de riches notes orientales et de bois profonds. Longue dur\u00e9e et fonci\u00e8rement myst\u00e9rieux. Adoptez l\u2019intensit\u00e9.","og_url":"https:\/\/fmkstore.com\/sandbox\/fr\/product\/noir-paris-26-intense-eau-de-parfum-2\/","og_site_name":"FMK SANDBOX","article_modified_time":"2026-01-01T08:46:01+00:00","og_image":[{"width":800,"height":800,"url":"https:\/\/fmkstore.com\/sandbox\/wp-content\/uploads\/2025\/12\/n6.jpg","type":"image\/jpeg"}],"twitter_card":"summary_large_image","twitter_misc":{"Est. reading time":"1 minute"},"schema":{"@context":"https:\/\/schema.org","@graph":[{"@type":"WebPage","@id":"https:\/\/fmkstore.com\/sandbox\/fr\/product\/noir-paris-26-intense-eau-de-parfum-2\/","url":"https:\/\/fmkstore.com\/sandbox\/fr\/product\/noir-paris-26-intense-eau-de-parfum-2\/","name":"Noir Paris 26 Intense Eau de Parfum - FMK SANDBOX","isPartOf":{"@id":"https:\/\/fmkstore.com\/sandbox\/#website"},"primaryImageOfPage":{"@id":"https:\/\/fmkstore.com\/sandbox\/fr\/product\/noir-paris-26-intense-eau-de-parfum-2\/#primaryimage"},"image":{"@id":"https:\/\/fmkstore.com\/sandbox\/fr\/product\/noir-paris-26-intense-eau-de-parfum-2\/#primaryimage"},"thumbnailUrl":"https:\/\/fmkstore.com\/sandbox\/wp-content\/uploads\/2025\/12\/n6.jpg","datePublished":"2025-12-06T06:13:57+00:00","dateModified":"2026-01-01T08:46:01+00:00","breadcrumb":{"@id":"https:\/\/fmkstore.com\/sandbox\/fr\/product\/noir-paris-26-intense-eau-de-parfum-2\/#breadcrumb"},"inLanguage":"en-US","potentialAction":[{"@type":"ReadAction","target":["https:\/\/fmkstore.com\/sandbox\/fr\/product\/noir-paris-26-intense-eau-de-parfum-2\/"]}]},{"@type":"ImageObject","inLanguage":"en-US","@id":"https:\/\/fmkstore.com\/sandbox\/fr\/product\/noir-paris-26-intense-eau-de-parfum-2\/#primaryimage","url":"https:\/\/fmkstore.com\/sandbox\/wp-content\/uploads\/2025\/12\/n6.jpg","contentUrl":"https:\/\/fmkstore.com\/sandbox\/wp-content\/uploads\/2025\/12\/n6.jpg","width":800,"height":800},{"@type":"BreadcrumbList","@id":"https:\/\/fmkstore.com\/sandbox\/fr\/product\/noir-paris-26-intense-eau-de-parfum-2\/#breadcrumb","itemListElement":[{"@type":"ListItem","position":1,"name":"Home","item":"https:\/\/fmkstore.com\/sandbox\/en\/"},{"@type":"ListItem","position":2,"name":"shop","item":"https:\/\/fmkstore.com\/sandbox\/en\/shop-2\/"},{"@type":"ListItem","position":3,"name":"Noir Paris 26 Intense Eau de Parfum"}]},{"@type":"WebSite","@id":"https:\/\/fmkstore.com\/sandbox\/#website","url":"https:\/\/fmkstore.com\/sandbox\/","name":"FMKSTORE","description":"Style for Your Life, Solutions for Your Drive.","publisher":{"@id":"https:\/\/fmkstore.com\/sandbox\/#organization"},"potentialAction":[{"@type":"SearchAction","target":{"@type":"EntryPoint","urlTemplate":"https:\/\/fmkstore.com\/sandbox\/?s={search_term_string}"},"query-input":{"@type":"PropertyValueSpecification","valueRequired":true,"valueName":"search_term_string"}}],"inLanguage":"en-US"},{"@type":"Organization","@id":"https:\/\/fmkstore.com\/sandbox\/#organization","name":"FMKSTORE","url":"https:\/\/fmkstore.com\/sandbox\/","logo":{"@type":"ImageObject","inLanguage":"en-US","@id":"https:\/\/fmkstore.com\/sandbox\/#\/schema\/logo\/image\/","url":"https:\/\/fmkstore.com\/sandbox\/wp-content\/uploads\/2025\/10\/FMk-Stores-Purple-Logo-Mark-1.png","contentUrl":"https:\/\/fmkstore.com\/sandbox\/wp-content\/uploads\/2025\/10\/FMk-Stores-Purple-Logo-Mark-1.png","width":576,"height":720,"caption":"FMKSTORE"},"image":{"@id":"https:\/\/fmkstore.com\/sandbox\/#\/schema\/logo\/image\/"}}]}},"jetpack_sharing_enabled":true,"_links":{"self":[{"href":"https:\/\/fmkstore.com\/sandbox\/wp-json\/wp\/v2\/product\/1945","targetHints":{"allow":["GET"]}}],"collection":[{"href":"https:\/\/fmkstore.com\/sandbox\/wp-json\/wp\/v2\/product"}],"about":[{"href":"https:\/\/fmkstore.com\/sandbox\/wp-json\/wp\/v2\/types\/product"}],"replies":[{"embeddable":true,"href":"https:\/\/fmkstore.com\/sandbox\/wp-json\/wp\/v2\/comments?post=1945"}],"wp:featuredmedia":[{"embeddable":true,"href":"https:\/\/fmkstore.com\/sandbox\/wp-json\/wp\/v2\/media\/1946"}],"wp:attachment":[{"href":"https:\/\/fmkstore.com\/sandbox\/wp-json\/wp\/v2\/media?parent=1945"}],"wp:term":[{"taxonomy":"product_brand","embeddable":true,"href":"https:\/\/fmkstore.com\/sandbox\/wp-json\/wp\/v2\/product_brand?post=1945"},{"taxonomy":"product_cat","embeddable":true,"href":"https:\/\/fmkstore.com\/sandbox\/wp-json\/wp\/v2\/product_cat?post=1945"},{"taxonomy":"product_tag","embeddable":true,"href":"https:\/\/fmkstore.com\/sandbox\/wp-json\/wp\/v2\/product_tag?post=1945"}],"curies":[{"name":"wp","href":"https:\/\/api.w.org\/{rel}","templated":true}]}}