{"id":1907,"date":"2025-12-04T09:44:42","date_gmt":"2025-12-04T09:44:42","guid":{"rendered":"https:\/\/fmkstore.com\/sandbox\/?post_type=product&#038;p=1907"},"modified":"2025-12-24T06:42:38","modified_gmt":"2025-12-24T06:42:38","slug":"hannas-secret-black-seduction-pour-homme-edp-100ml-2","status":"publish","type":"product","link":"https:\/\/fmkstore.com\/sandbox\/fr\/product\/hannas-secret-black-seduction-pour-homme-edp-100ml-2\/","title":{"rendered":"Hanna&#8217;s Secret Black Seduction Pour Homme EDP 100ml"},"content":{"rendered":"<h3 data-path-to-node=\"20\"><b>Black Seduction Pour Homme : Une \u00c9vasion Aromatique pour l&#8217;Homme Confiant<\/b><\/h3>\n<p data-path-to-node=\"21\"><b>Hanna&#8217;s Secret Black Seduction Pour Homme<\/b> est une Eau de Parfum de 100ml envo\u00fbtante, con\u00e7ue pour l&#8217;homme qui projette une confiance profonde et appr\u00e9cie les plaisirs raffin\u00e9s. C&#8217;est une fragrance puissante et durable qui m\u00e9lange des notes bois\u00e9es et \u00e9pic\u00e9es sophistiqu\u00e9es avec une touche intrigante de chaleur et de douceur.<\/p>\n<p data-path-to-node=\"22\"><b>&#x1f443; La Symphonie Olfactive Captivante<\/b><\/p>\n<table data-path-to-node=\"23\">\n<thead>\n<tr>\n<td><strong>Type de Note<\/strong><\/td>\n<td><strong>Ingr\u00e9dients (Accent sur la Profondeur\/\u00c9pice)<\/strong><\/td>\n<\/tr>\n<\/thead>\n<tbody>\n<tr>\n<td><span data-path-to-node=\"23,1,0,0\"><b>Notes de T\u00eate (Vivifiantes et All\u00e9chantes)<\/b><\/span><\/td>\n<td><span data-path-to-node=\"23,1,1,0\">Bergamote Italienne, Noisette Riche, Rhum Sucr\u00e9, <b>Cardamome Chaleureuse<\/b>, Pistache Gelato Cr\u00e9meuse<\/span><\/td>\n<\/tr>\n<tr>\n<td><span data-path-to-node=\"23,2,0,0\"><b>Notes de C\u0153ur (Harmonieuses et \u00c9l\u00e9gantes)<\/b><\/span><\/td>\n<td><span data-path-to-node=\"23,2,1,0\">G\u00e9ranium, Pivoine Blanche, Muguet, Jasmin, Framboise, P\u00eache Blanche, Poire<\/span><\/td>\n<\/tr>\n<tr>\n<td><span data-path-to-node=\"23,3,0,0\"><b>Notes de Fond (Profondeur et Sensualit\u00e9)<\/b><\/span><\/td>\n<td><span data-path-to-node=\"23,3,1,0\"><b>Cacao<\/b>, <b>C\u00e8dre<\/b>, <b>Bois de Santal<\/b>, F\u00e8ve Tonka, Cr\u00e8me Fouett\u00e9e, Guimauve, Barbe \u00e0 Papa, Accord Turkish Delight<\/span><\/td>\n<\/tr>\n<\/tbody>\n<\/table>\n<p data-path-to-node=\"24\"><b>L&#8217;Exp\u00e9rience :<\/b><\/p>\n<ul data-path-to-node=\"25\">\n<li>\n<p data-path-to-node=\"25,0,0\"><b>Black Seduction Pour Homme<\/b> est plus qu&#8217;un parfum ; c&#8217;est une \u00e9vasion aromatique qui transcende l&#8217;ordinaire. Il invite celui qui le porte dans un monde o\u00f9 la d\u00e9cadence et le d\u00e9sir se rencontrent, laissant un long sillage de magie et d&#8217;allure.<\/p>\n<\/li>\n<\/ul>\n<p data-path-to-node=\"26\"><b>&#x2728; Sp\u00e9cifications du Produit<\/b><\/p>\n<ul data-path-to-node=\"27\">\n<li>\n<p data-path-to-node=\"27,0,0\"><b>Nom du Produit:<\/b> Black Seduction Pour Homme<\/p>\n<\/li>\n<li>\n<p data-path-to-node=\"27,1,0\"><b>Marque:<\/b> Hanna&#8217;s Secret (Parfum Arabe)<\/p>\n<\/li>\n<li>\n<p data-path-to-node=\"27,2,0\"><b>Concentration:<\/b> Eau de Parfum (EDP)<\/p>\n<\/li>\n<li>\n<p data-path-to-node=\"27,3,0\"><b>Volume:<\/b> 100ml (3.4 fl.oz)<\/p>\n<\/li>\n<li>\n<p data-path-to-node=\"27,4,0\"><b>Public Cible:<\/b> Hommes (Pour Homme)<\/p>\n<\/li>\n<li>\n<p data-path-to-node=\"27,5,0\"><b>Profil Olfactif:<\/b> Oriental, Gourmand, Profond, Sensuel, Longue Dur\u00e9e<\/p>\n<\/li>\n<\/ul>\n<p data-path-to-node=\"28\"><b>&#x1f31f; Caract\u00e9ristiques Cl\u00e9s<\/b><\/p>\n<ul data-path-to-node=\"29\">\n<li>\n<p data-path-to-node=\"29,0,0\">Parfum myst\u00e9rieux, intense et profond.<\/p>\n<\/li>\n<li>\n<p data-path-to-node=\"29,1,0\">Fragrance impressionnante et longue dur\u00e9e pour un usage quotidien ou en soir\u00e9e.<\/p>\n<\/li>\n<li>\n<p data-path-to-node=\"29,2,0\">Id\u00e9al pour l&#8217;homme qui cherche un parfum signature unique et opulent.<\/p>\n<\/li>\n<\/ul>\n","protected":false},"excerpt":{"rendered":"<p><strong>&#x26ab; Hanna\u2019s Secret Black Seduction Pour Homme EDP 100ml. <\/strong>Le parfum de l\u2019homme qui captive l\u2019attention. Cette EDP 100ml est un m\u00e9lange sombre et opulent de <b>Rhum Riche, Cardamome et C\u00e8dre Profond<\/b>. Parfum longue dur\u00e9e pour un <b>myst\u00e8re irr\u00e9sistible<\/b>.<\/p>\n","protected":false},"featured_media":1908,"comment_status":"open","ping_status":"closed","template":"","meta":{"bwfblock_default_font":""},"product_brand":[],"product_cat":[324,678],"product_tag":[],"class_list":{"0":"post-1907","1":"product","2":"type-product","3":"status-publish","4":"has-post-thumbnail","6":"product_cat-parfum","7":"product_cat-pour-lui","8":"product_shipping_class-medium-package","10":"first","11":"instock","12":"taxable","13":"shipping-taxable","14":"purchasable","15":"product-type-simple"},"yoast_head":"<!-- This site is optimized with the Yoast SEO plugin v26.8 - https:\/\/yoast.com\/product\/yoast-seo-wordpress\/ -->\n<title>Hanna&#039;s Secret Black Seduction Pour Homme EDP 100ml - FMK SANDBOX<\/title>\n<meta name=\"robots\" content=\"noindex, follow, max-snippet:-1, max-image-preview:large, max-video-preview:-1\" \/>\n<meta property=\"og:locale\" content=\"en_US\" \/>\n<meta property=\"og:type\" content=\"article\" \/>\n<meta property=\"og:title\" content=\"Hanna&#039;s Secret Black Seduction Pour Homme EDP 100ml - FMK SANDBOX\" \/>\n<meta property=\"og:description\" content=\"&#x26ab; Hanna\u2019s Secret Black Seduction Pour Homme EDP 100ml. Le parfum de l\u2019homme qui captive l\u2019attention. Cette EDP 100ml est un m\u00e9lange sombre et opulent de Rhum Riche, Cardamome et C\u00e8dre Profond. Parfum longue dur\u00e9e pour un myst\u00e8re irr\u00e9sistible.\" \/>\n<meta property=\"og:url\" content=\"https:\/\/fmkstore.com\/sandbox\/fr\/product\/hannas-secret-black-seduction-pour-homme-edp-100ml-2\/\" \/>\n<meta property=\"og:site_name\" content=\"FMK SANDBOX\" \/>\n<meta property=\"article:modified_time\" content=\"2025-12-24T06:42:38+00:00\" \/>\n<meta property=\"og:image\" content=\"https:\/\/fmkstore.com\/sandbox\/wp-content\/uploads\/2025\/12\/1-3.jpg\" \/>\n\t<meta property=\"og:image:width\" content=\"300\" \/>\n\t<meta property=\"og:image:height\" content=\"300\" \/>\n\t<meta property=\"og:image:type\" content=\"image\/jpeg\" \/>\n<meta name=\"twitter:card\" content=\"summary_large_image\" \/>\n<meta name=\"twitter:label1\" content=\"Est. reading time\" \/>\n\t<meta name=\"twitter:data1\" content=\"1 minute\" \/>\n<script type=\"application\/ld+json\" class=\"yoast-schema-graph\">{\"@context\":\"https:\/\/schema.org\",\"@graph\":[{\"@type\":\"WebPage\",\"@id\":\"https:\/\/fmkstore.com\/sandbox\/fr\/product\/hannas-secret-black-seduction-pour-homme-edp-100ml-2\/\",\"url\":\"https:\/\/fmkstore.com\/sandbox\/fr\/product\/hannas-secret-black-seduction-pour-homme-edp-100ml-2\/\",\"name\":\"Hanna's Secret Black Seduction Pour Homme EDP 100ml - FMK SANDBOX\",\"isPartOf\":{\"@id\":\"https:\/\/fmkstore.com\/sandbox\/#website\"},\"primaryImageOfPage\":{\"@id\":\"https:\/\/fmkstore.com\/sandbox\/fr\/product\/hannas-secret-black-seduction-pour-homme-edp-100ml-2\/#primaryimage\"},\"image\":{\"@id\":\"https:\/\/fmkstore.com\/sandbox\/fr\/product\/hannas-secret-black-seduction-pour-homme-edp-100ml-2\/#primaryimage\"},\"thumbnailUrl\":\"https:\/\/fmkstore.com\/sandbox\/wp-content\/uploads\/2025\/12\/1-3.jpg\",\"datePublished\":\"2025-12-04T09:44:42+00:00\",\"dateModified\":\"2025-12-24T06:42:38+00:00\",\"breadcrumb\":{\"@id\":\"https:\/\/fmkstore.com\/sandbox\/fr\/product\/hannas-secret-black-seduction-pour-homme-edp-100ml-2\/#breadcrumb\"},\"inLanguage\":\"en-US\",\"potentialAction\":[{\"@type\":\"ReadAction\",\"target\":[\"https:\/\/fmkstore.com\/sandbox\/fr\/product\/hannas-secret-black-seduction-pour-homme-edp-100ml-2\/\"]}]},{\"@type\":\"ImageObject\",\"inLanguage\":\"en-US\",\"@id\":\"https:\/\/fmkstore.com\/sandbox\/fr\/product\/hannas-secret-black-seduction-pour-homme-edp-100ml-2\/#primaryimage\",\"url\":\"https:\/\/fmkstore.com\/sandbox\/wp-content\/uploads\/2025\/12\/1-3.jpg\",\"contentUrl\":\"https:\/\/fmkstore.com\/sandbox\/wp-content\/uploads\/2025\/12\/1-3.jpg\",\"width\":300,\"height\":300},{\"@type\":\"BreadcrumbList\",\"@id\":\"https:\/\/fmkstore.com\/sandbox\/fr\/product\/hannas-secret-black-seduction-pour-homme-edp-100ml-2\/#breadcrumb\",\"itemListElement\":[{\"@type\":\"ListItem\",\"position\":1,\"name\":\"Home\",\"item\":\"https:\/\/fmkstore.com\/sandbox\/en\/\"},{\"@type\":\"ListItem\",\"position\":2,\"name\":\"shop\",\"item\":\"https:\/\/fmkstore.com\/sandbox\/en\/shop-2\/\"},{\"@type\":\"ListItem\",\"position\":3,\"name\":\"Hanna&#8217;s Secret Black Seduction Pour Homme EDP 100ml\"}]},{\"@type\":\"WebSite\",\"@id\":\"https:\/\/fmkstore.com\/sandbox\/#website\",\"url\":\"https:\/\/fmkstore.com\/sandbox\/\",\"name\":\"FMKSTORE\",\"description\":\"Style for Your Life, Solutions for Your Drive.\",\"publisher\":{\"@id\":\"https:\/\/fmkstore.com\/sandbox\/#organization\"},\"potentialAction\":[{\"@type\":\"SearchAction\",\"target\":{\"@type\":\"EntryPoint\",\"urlTemplate\":\"https:\/\/fmkstore.com\/sandbox\/?s={search_term_string}\"},\"query-input\":{\"@type\":\"PropertyValueSpecification\",\"valueRequired\":true,\"valueName\":\"search_term_string\"}}],\"inLanguage\":\"en-US\"},{\"@type\":\"Organization\",\"@id\":\"https:\/\/fmkstore.com\/sandbox\/#organization\",\"name\":\"FMKSTORE\",\"url\":\"https:\/\/fmkstore.com\/sandbox\/\",\"logo\":{\"@type\":\"ImageObject\",\"inLanguage\":\"en-US\",\"@id\":\"https:\/\/fmkstore.com\/sandbox\/#\/schema\/logo\/image\/\",\"url\":\"https:\/\/fmkstore.com\/sandbox\/wp-content\/uploads\/2025\/10\/FMk-Stores-Purple-Logo-Mark-1.png\",\"contentUrl\":\"https:\/\/fmkstore.com\/sandbox\/wp-content\/uploads\/2025\/10\/FMk-Stores-Purple-Logo-Mark-1.png\",\"width\":576,\"height\":720,\"caption\":\"FMKSTORE\"},\"image\":{\"@id\":\"https:\/\/fmkstore.com\/sandbox\/#\/schema\/logo\/image\/\"}}]}<\/script>\n<!-- \/ Yoast SEO plugin. -->","yoast_head_json":{"title":"Hanna's Secret Black Seduction Pour Homme EDP 100ml - FMK SANDBOX","robots":{"index":"noindex","follow":"follow","max-snippet":"max-snippet:-1","max-image-preview":"max-image-preview:large","max-video-preview":"max-video-preview:-1"},"og_locale":"en_US","og_type":"article","og_title":"Hanna's Secret Black Seduction Pour Homme EDP 100ml - FMK SANDBOX","og_description":"&#x26ab; Hanna\u2019s Secret Black Seduction Pour Homme EDP 100ml. Le parfum de l\u2019homme qui captive l\u2019attention. Cette EDP 100ml est un m\u00e9lange sombre et opulent de Rhum Riche, Cardamome et C\u00e8dre Profond. Parfum longue dur\u00e9e pour un myst\u00e8re irr\u00e9sistible.","og_url":"https:\/\/fmkstore.com\/sandbox\/fr\/product\/hannas-secret-black-seduction-pour-homme-edp-100ml-2\/","og_site_name":"FMK SANDBOX","article_modified_time":"2025-12-24T06:42:38+00:00","og_image":[{"width":300,"height":300,"url":"https:\/\/fmkstore.com\/sandbox\/wp-content\/uploads\/2025\/12\/1-3.jpg","type":"image\/jpeg"}],"twitter_card":"summary_large_image","twitter_misc":{"Est. reading time":"1 minute"},"schema":{"@context":"https:\/\/schema.org","@graph":[{"@type":"WebPage","@id":"https:\/\/fmkstore.com\/sandbox\/fr\/product\/hannas-secret-black-seduction-pour-homme-edp-100ml-2\/","url":"https:\/\/fmkstore.com\/sandbox\/fr\/product\/hannas-secret-black-seduction-pour-homme-edp-100ml-2\/","name":"Hanna's Secret Black Seduction Pour Homme EDP 100ml - FMK SANDBOX","isPartOf":{"@id":"https:\/\/fmkstore.com\/sandbox\/#website"},"primaryImageOfPage":{"@id":"https:\/\/fmkstore.com\/sandbox\/fr\/product\/hannas-secret-black-seduction-pour-homme-edp-100ml-2\/#primaryimage"},"image":{"@id":"https:\/\/fmkstore.com\/sandbox\/fr\/product\/hannas-secret-black-seduction-pour-homme-edp-100ml-2\/#primaryimage"},"thumbnailUrl":"https:\/\/fmkstore.com\/sandbox\/wp-content\/uploads\/2025\/12\/1-3.jpg","datePublished":"2025-12-04T09:44:42+00:00","dateModified":"2025-12-24T06:42:38+00:00","breadcrumb":{"@id":"https:\/\/fmkstore.com\/sandbox\/fr\/product\/hannas-secret-black-seduction-pour-homme-edp-100ml-2\/#breadcrumb"},"inLanguage":"en-US","potentialAction":[{"@type":"ReadAction","target":["https:\/\/fmkstore.com\/sandbox\/fr\/product\/hannas-secret-black-seduction-pour-homme-edp-100ml-2\/"]}]},{"@type":"ImageObject","inLanguage":"en-US","@id":"https:\/\/fmkstore.com\/sandbox\/fr\/product\/hannas-secret-black-seduction-pour-homme-edp-100ml-2\/#primaryimage","url":"https:\/\/fmkstore.com\/sandbox\/wp-content\/uploads\/2025\/12\/1-3.jpg","contentUrl":"https:\/\/fmkstore.com\/sandbox\/wp-content\/uploads\/2025\/12\/1-3.jpg","width":300,"height":300},{"@type":"BreadcrumbList","@id":"https:\/\/fmkstore.com\/sandbox\/fr\/product\/hannas-secret-black-seduction-pour-homme-edp-100ml-2\/#breadcrumb","itemListElement":[{"@type":"ListItem","position":1,"name":"Home","item":"https:\/\/fmkstore.com\/sandbox\/en\/"},{"@type":"ListItem","position":2,"name":"shop","item":"https:\/\/fmkstore.com\/sandbox\/en\/shop-2\/"},{"@type":"ListItem","position":3,"name":"Hanna&#8217;s Secret Black Seduction Pour Homme EDP 100ml"}]},{"@type":"WebSite","@id":"https:\/\/fmkstore.com\/sandbox\/#website","url":"https:\/\/fmkstore.com\/sandbox\/","name":"FMKSTORE","description":"Style for Your Life, Solutions for Your Drive.","publisher":{"@id":"https:\/\/fmkstore.com\/sandbox\/#organization"},"potentialAction":[{"@type":"SearchAction","target":{"@type":"EntryPoint","urlTemplate":"https:\/\/fmkstore.com\/sandbox\/?s={search_term_string}"},"query-input":{"@type":"PropertyValueSpecification","valueRequired":true,"valueName":"search_term_string"}}],"inLanguage":"en-US"},{"@type":"Organization","@id":"https:\/\/fmkstore.com\/sandbox\/#organization","name":"FMKSTORE","url":"https:\/\/fmkstore.com\/sandbox\/","logo":{"@type":"ImageObject","inLanguage":"en-US","@id":"https:\/\/fmkstore.com\/sandbox\/#\/schema\/logo\/image\/","url":"https:\/\/fmkstore.com\/sandbox\/wp-content\/uploads\/2025\/10\/FMk-Stores-Purple-Logo-Mark-1.png","contentUrl":"https:\/\/fmkstore.com\/sandbox\/wp-content\/uploads\/2025\/10\/FMk-Stores-Purple-Logo-Mark-1.png","width":576,"height":720,"caption":"FMKSTORE"},"image":{"@id":"https:\/\/fmkstore.com\/sandbox\/#\/schema\/logo\/image\/"}}]}},"jetpack_sharing_enabled":true,"_links":{"self":[{"href":"https:\/\/fmkstore.com\/sandbox\/wp-json\/wp\/v2\/product\/1907","targetHints":{"allow":["GET"]}}],"collection":[{"href":"https:\/\/fmkstore.com\/sandbox\/wp-json\/wp\/v2\/product"}],"about":[{"href":"https:\/\/fmkstore.com\/sandbox\/wp-json\/wp\/v2\/types\/product"}],"replies":[{"embeddable":true,"href":"https:\/\/fmkstore.com\/sandbox\/wp-json\/wp\/v2\/comments?post=1907"}],"wp:featuredmedia":[{"embeddable":true,"href":"https:\/\/fmkstore.com\/sandbox\/wp-json\/wp\/v2\/media\/1908"}],"wp:attachment":[{"href":"https:\/\/fmkstore.com\/sandbox\/wp-json\/wp\/v2\/media?parent=1907"}],"wp:term":[{"taxonomy":"product_brand","embeddable":true,"href":"https:\/\/fmkstore.com\/sandbox\/wp-json\/wp\/v2\/product_brand?post=1907"},{"taxonomy":"product_cat","embeddable":true,"href":"https:\/\/fmkstore.com\/sandbox\/wp-json\/wp\/v2\/product_cat?post=1907"},{"taxonomy":"product_tag","embeddable":true,"href":"https:\/\/fmkstore.com\/sandbox\/wp-json\/wp\/v2\/product_tag?post=1907"}],"curies":[{"name":"wp","href":"https:\/\/api.w.org\/{rel}","templated":true}]}}