{"id":1893,"date":"2025-12-04T09:08:53","date_gmt":"2025-12-04T09:08:53","guid":{"rendered":"https:\/\/fmkstore.com\/sandbox\/?post_type=product&#038;p=1893"},"modified":"2025-12-24T06:44:39","modified_gmt":"2025-12-24T06:44:39","slug":"hannas-secret-purple-romance-pour-femme-edp-100ml-2","status":"publish","type":"product","link":"https:\/\/fmkstore.com\/sandbox\/fr\/product\/hannas-secret-purple-romance-pour-femme-edp-100ml-2\/","title":{"rendered":"Hanna&#8217;s Secret Purple Romance Pour Femme EDP 100ml"},"content":{"rendered":"<p>Hanna&#8217;s Secret Purple Romance est une eau de parfum opulente et durable con\u00e7ue pour la femme qui embrasse son c\u00f4t\u00e9 sophistiqu\u00e9 et passionn\u00e9.2 Pr\u00e9sent\u00e9 dans un flacon g\u00e9n\u00e9reux de 100 ml, ce parfum est un t\u00e9moignage de l&#8217;art de la parfumerie arabe, con\u00e7u pour laisser un sillage luxueux et durable.<\/p>\n<p>&nbsp;<\/p>\n<p>&#x2728; Sp\u00e9cifications du produit<\/p>\n<p>Nom du produit: Purple Romance Pour Femme<\/p>\n<p>Marque : Hanna&#8217;s Secret (Parfum Arabe)<\/p>\n<p>Concentration : Eau de Parfum (EDP)<\/p>\n<p>Volume\u00a0: 100 ml (3,4 fl.oz)3<\/p>\n<p>&nbsp;<\/p>\n<p>Public cible\u00a0:\u00a0Femmes (Pour Femme)<\/p>\n<p>Profil de parfum\u00a0: riche, profond, romantique et floral\/oriental (d\u00e9duit de \u00ab\u00a0Purple Romance\u00a0\u00bb)<\/p>\n<p>&#x1f33f; Ingr\u00e9dients (formulation EDP typique)<\/p>\n<p>Alors que les notes sp\u00e9cifiques et exclusives du parfum (le \u00ab secret \u00bb) restent souvent confidentielles, la composition de base d\u2019une eau de parfum comprend g\u00e9n\u00e9ralement :<\/p>\n<p>Alcool d\u00e9natur\u00e9. (\u00c9thanol)\u00a0: Le principal transporteur\/solvant (g\u00e9n\u00e9ralement entre 75 et 85\u00a0$\u00a0% du volume total).<\/p>\n<p>Parfum (Fragrance) : Le m\u00e9lange concentr\u00e9 d&#8217;huiles aromatiques qui donne au parfum son parfum unique.<\/p>\n<p>Aqua (Eau) : Utilis\u00e9 pour diluer le m\u00e9lange.<\/p>\n<p>Additifs\u00a0: peuvent inclure des colorants (num\u00e9ros CI) et des filtres UV (comme la benzoph\u00e9none).<\/p>\n","protected":false},"excerpt":{"rendered":"<p>&#x1f49c; <b>Hanna\u2019s Secret Purple Romance<\/b> est une Eau de Parfum <span class=\"math-inline\" data-math=\"(EDP)\">$(EDP)$<\/span> opulente et tenace, con\u00e7ue pour la femme qui assume son c\u00f4t\u00e9 sophistiqu\u00e9 et passionn\u00e9. Pr\u00e9sent\u00e9e dans un g\u00e9n\u00e9reux flacon de 100ml, cette fragrance t\u00e9moigne de l\u2019art de la parfumerie arabe, \u00e9labor\u00e9e pour laisser un sillage luxueux et durable.<\/p>\n<p data-path-to-node=\"18\"><b>&#x2728; Sp\u00e9cifications du Produit<\/b><\/p>\n<ul data-path-to-node=\"19\">\n<li>\n<p data-path-to-node=\"19,0,0\"><b>Nom du Produit:<\/b> Purple Romance Pour Femme<\/p>\n<\/li>\n<li>\n<p data-path-to-node=\"19,1,0\"><b>Marque:<\/b> Hanna\u2019s Secret (Parfum Arabe)<\/p>\n<\/li>\n<li>\n<p data-path-to-node=\"19,2,0\"><b>Concentration:<\/b> Eau de Parfum (EDP)<\/p>\n<\/li>\n<li>\n<p data-path-to-node=\"19,3,0\"><span class=\"citation-4\"><b>Volume:<\/b><\/span><span class=\"citation-4 citation-end-4\"> 100ml (3.4 fl.oz)<sup class=\"superscript\" data-turn-source-index=\"4\">4<\/sup><\/span><\/p>\n<div class=\"source-inline-chip-container ng-star-inserted\"><\/div>\n<\/li>\n<li>\n<p data-path-to-node=\"19,4,0\"><b>Public Cible:<\/b> Femmes (Pour Femme)<\/p>\n<\/li>\n<li>\n<p data-path-to-node=\"19,5,0\"><b>Profil Olfactif:<\/b> Riche, Profond, Romantique et Floral\/Oriental (D\u00e9duit de \u201cPurple Romance\u201d)<\/p>\n<\/li>\n<\/ul>\n<p data-path-to-node=\"20\"><b>&#x1f33f; Ingr\u00e9dients (Formulation typique d\u2019une EDP)<\/b><\/p>\n<p data-path-to-node=\"21\">Bien que les notes de fragrance sp\u00e9cifiques et exclusives (le \u00ab secret \u00bb) soient souvent gard\u00e9es confidentielles, la composition de base d\u2019une Eau de Parfum comprend g\u00e9n\u00e9ralement :<\/p>\n<ul data-path-to-node=\"22\">\n<li>\n<p data-path-to-node=\"22,0,0\"><b>Alcohol D\u00e9nat. (\u00c9thanol) :<\/b> Le principal support\/solvant (g\u00e9n\u00e9ralement <span class=\"math-inline\" data-math=\"75-85%\">$75-85%$<\/span> du volume total).<\/p>\n<\/li>\n<li>\n<p data-path-to-node=\"22,1,0\"><b>Parfum (Fragrance) :<\/b> Le m\u00e9lange concentr\u00e9 d\u2019huiles aromatiques qui donne au parfum son odeur unique.<\/p>\n<\/li>\n<li>\n<p data-path-to-node=\"22,2,0\"><b>Aqua (Eau) :<\/b> Utilis\u00e9e pour diluer le m\u00e9lange.<\/p>\n<\/li>\n<li>\n<p data-path-to-node=\"22,3,0\"><b>Additifs :<\/b> Peut inclure des colorants (num\u00e9ros CI) et des filtres UV (comme la Benzoph\u00e9none).<\/p>\n<\/li>\n<\/ul>\n","protected":false},"featured_media":1894,"comment_status":"open","ping_status":"closed","template":"","meta":{"bwfblock_default_font":""},"product_brand":[],"product_cat":[324,672],"product_tag":[393,711],"class_list":{"0":"post-1893","1":"product","2":"type-product","3":"status-publish","4":"has-post-thumbnail","6":"product_cat-parfum","7":"product_cat-pour-elle","8":"product_tag-parfum","9":"product_tag-pour-elle","10":"product_shipping_class-medium-package","12":"first","13":"instock","14":"taxable","15":"shipping-taxable","16":"purchasable","17":"product-type-simple"},"yoast_head":"<!-- This site is optimized with the Yoast SEO plugin v26.8 - https:\/\/yoast.com\/product\/yoast-seo-wordpress\/ -->\n<title>Hanna&#039;s Secret Purple Romance Pour Femme EDP 100ml - FMK SANDBOX<\/title>\n<meta name=\"robots\" content=\"noindex, follow, max-snippet:-1, max-image-preview:large, max-video-preview:-1\" \/>\n<meta property=\"og:locale\" content=\"en_US\" \/>\n<meta property=\"og:type\" content=\"article\" \/>\n<meta property=\"og:title\" content=\"Hanna&#039;s Secret Purple Romance Pour Femme EDP 100ml - FMK SANDBOX\" \/>\n<meta property=\"og:description\" content=\"&#x1f49c; Hanna\u2019s Secret Purple Romance est une Eau de Parfum $(EDP)$ opulente et tenace, con\u00e7ue pour la femme qui assume son c\u00f4t\u00e9 sophistiqu\u00e9 et passionn\u00e9. Pr\u00e9sent\u00e9e dans un g\u00e9n\u00e9reux flacon de 100ml, cette fragrance t\u00e9moigne de l\u2019art de la parfumerie arabe, \u00e9labor\u00e9e pour laisser un sillage luxueux et durable. &#x2728; Sp\u00e9cifications du Produit  Nom du Produit: Purple Romance Pour Femme  Marque: Hanna\u2019s Secret (Parfum Arabe)  Concentration: Eau de Parfum (EDP)  Volume: 100ml (3.4 fl.oz)4   Public Cible: Femmes (Pour Femme)  Profil Olfactif: Riche, Profond, Romantique et Floral\/Oriental (D\u00e9duit de \u201cPurple Romance\u201d)  &#x1f33f; Ingr\u00e9dients (Formulation typique d\u2019une EDP) Bien que les notes de fragrance sp\u00e9cifiques et exclusives (le \u00ab secret \u00bb) soient souvent gard\u00e9es confidentielles, la composition de base d\u2019une Eau de Parfum comprend g\u00e9n\u00e9ralement :  Alcohol D\u00e9nat. (\u00c9thanol) : Le principal support\/solvant (g\u00e9n\u00e9ralement $75-85%$ du volume total).  Parfum (Fragrance) : Le m\u00e9lange concentr\u00e9 d\u2019huiles aromatiques qui donne au parfum son odeur unique.  Aqua (Eau) : Utilis\u00e9e pour diluer le m\u00e9lange.  Additifs : Peut inclure des colorants (num\u00e9ros CI) et des filtres UV (comme la Benzoph\u00e9none).\" \/>\n<meta property=\"og:url\" content=\"https:\/\/fmkstore.com\/sandbox\/fr\/product\/hannas-secret-purple-romance-pour-femme-edp-100ml-2\/\" \/>\n<meta property=\"og:site_name\" content=\"FMK SANDBOX\" \/>\n<meta property=\"article:modified_time\" content=\"2025-12-24T06:44:39+00:00\" \/>\n<meta property=\"og:image\" content=\"https:\/\/fmkstore.com\/sandbox\/wp-content\/uploads\/2025\/12\/1-1.jpg\" \/>\n\t<meta property=\"og:image:width\" content=\"680\" \/>\n\t<meta property=\"og:image:height\" content=\"680\" \/>\n\t<meta property=\"og:image:type\" content=\"image\/jpeg\" \/>\n<meta name=\"twitter:card\" content=\"summary_large_image\" \/>\n<meta name=\"twitter:label1\" content=\"Est. reading time\" \/>\n\t<meta name=\"twitter:data1\" content=\"1 minute\" \/>\n<script type=\"application\/ld+json\" class=\"yoast-schema-graph\">{\"@context\":\"https:\/\/schema.org\",\"@graph\":[{\"@type\":\"WebPage\",\"@id\":\"https:\/\/fmkstore.com\/sandbox\/fr\/product\/hannas-secret-purple-romance-pour-femme-edp-100ml-2\/\",\"url\":\"https:\/\/fmkstore.com\/sandbox\/fr\/product\/hannas-secret-purple-romance-pour-femme-edp-100ml-2\/\",\"name\":\"Hanna's Secret Purple Romance Pour Femme EDP 100ml - FMK SANDBOX\",\"isPartOf\":{\"@id\":\"https:\/\/fmkstore.com\/sandbox\/#website\"},\"primaryImageOfPage\":{\"@id\":\"https:\/\/fmkstore.com\/sandbox\/fr\/product\/hannas-secret-purple-romance-pour-femme-edp-100ml-2\/#primaryimage\"},\"image\":{\"@id\":\"https:\/\/fmkstore.com\/sandbox\/fr\/product\/hannas-secret-purple-romance-pour-femme-edp-100ml-2\/#primaryimage\"},\"thumbnailUrl\":\"https:\/\/fmkstore.com\/sandbox\/wp-content\/uploads\/2025\/12\/1-1.jpg\",\"datePublished\":\"2025-12-04T09:08:53+00:00\",\"dateModified\":\"2025-12-24T06:44:39+00:00\",\"breadcrumb\":{\"@id\":\"https:\/\/fmkstore.com\/sandbox\/fr\/product\/hannas-secret-purple-romance-pour-femme-edp-100ml-2\/#breadcrumb\"},\"inLanguage\":\"en-US\",\"potentialAction\":[{\"@type\":\"ReadAction\",\"target\":[\"https:\/\/fmkstore.com\/sandbox\/fr\/product\/hannas-secret-purple-romance-pour-femme-edp-100ml-2\/\"]}]},{\"@type\":\"ImageObject\",\"inLanguage\":\"en-US\",\"@id\":\"https:\/\/fmkstore.com\/sandbox\/fr\/product\/hannas-secret-purple-romance-pour-femme-edp-100ml-2\/#primaryimage\",\"url\":\"https:\/\/fmkstore.com\/sandbox\/wp-content\/uploads\/2025\/12\/1-1.jpg\",\"contentUrl\":\"https:\/\/fmkstore.com\/sandbox\/wp-content\/uploads\/2025\/12\/1-1.jpg\",\"width\":680,\"height\":680},{\"@type\":\"BreadcrumbList\",\"@id\":\"https:\/\/fmkstore.com\/sandbox\/fr\/product\/hannas-secret-purple-romance-pour-femme-edp-100ml-2\/#breadcrumb\",\"itemListElement\":[{\"@type\":\"ListItem\",\"position\":1,\"name\":\"Home\",\"item\":\"https:\/\/fmkstore.com\/sandbox\/en\/\"},{\"@type\":\"ListItem\",\"position\":2,\"name\":\"shop\",\"item\":\"https:\/\/fmkstore.com\/sandbox\/en\/shop-2\/\"},{\"@type\":\"ListItem\",\"position\":3,\"name\":\"Hanna&#8217;s Secret Purple Romance Pour Femme EDP 100ml\"}]},{\"@type\":\"WebSite\",\"@id\":\"https:\/\/fmkstore.com\/sandbox\/#website\",\"url\":\"https:\/\/fmkstore.com\/sandbox\/\",\"name\":\"FMKSTORE\",\"description\":\"Style for Your Life, Solutions for Your Drive.\",\"publisher\":{\"@id\":\"https:\/\/fmkstore.com\/sandbox\/#organization\"},\"potentialAction\":[{\"@type\":\"SearchAction\",\"target\":{\"@type\":\"EntryPoint\",\"urlTemplate\":\"https:\/\/fmkstore.com\/sandbox\/?s={search_term_string}\"},\"query-input\":{\"@type\":\"PropertyValueSpecification\",\"valueRequired\":true,\"valueName\":\"search_term_string\"}}],\"inLanguage\":\"en-US\"},{\"@type\":\"Organization\",\"@id\":\"https:\/\/fmkstore.com\/sandbox\/#organization\",\"name\":\"FMKSTORE\",\"url\":\"https:\/\/fmkstore.com\/sandbox\/\",\"logo\":{\"@type\":\"ImageObject\",\"inLanguage\":\"en-US\",\"@id\":\"https:\/\/fmkstore.com\/sandbox\/#\/schema\/logo\/image\/\",\"url\":\"https:\/\/fmkstore.com\/sandbox\/wp-content\/uploads\/2025\/10\/FMk-Stores-Purple-Logo-Mark-1.png\",\"contentUrl\":\"https:\/\/fmkstore.com\/sandbox\/wp-content\/uploads\/2025\/10\/FMk-Stores-Purple-Logo-Mark-1.png\",\"width\":576,\"height\":720,\"caption\":\"FMKSTORE\"},\"image\":{\"@id\":\"https:\/\/fmkstore.com\/sandbox\/#\/schema\/logo\/image\/\"}}]}<\/script>\n<!-- \/ Yoast SEO plugin. -->","yoast_head_json":{"title":"Hanna's Secret Purple Romance Pour Femme EDP 100ml - FMK SANDBOX","robots":{"index":"noindex","follow":"follow","max-snippet":"max-snippet:-1","max-image-preview":"max-image-preview:large","max-video-preview":"max-video-preview:-1"},"og_locale":"en_US","og_type":"article","og_title":"Hanna's Secret Purple Romance Pour Femme EDP 100ml - FMK SANDBOX","og_description":"&#x1f49c; Hanna\u2019s Secret Purple Romance est une Eau de Parfum $(EDP)$ opulente et tenace, con\u00e7ue pour la femme qui assume son c\u00f4t\u00e9 sophistiqu\u00e9 et passionn\u00e9. Pr\u00e9sent\u00e9e dans un g\u00e9n\u00e9reux flacon de 100ml, cette fragrance t\u00e9moigne de l\u2019art de la parfumerie arabe, \u00e9labor\u00e9e pour laisser un sillage luxueux et durable. &#x2728; Sp\u00e9cifications du Produit  Nom du Produit: Purple Romance Pour Femme  Marque: Hanna\u2019s Secret (Parfum Arabe)  Concentration: Eau de Parfum (EDP)  Volume: 100ml (3.4 fl.oz)4   Public Cible: Femmes (Pour Femme)  Profil Olfactif: Riche, Profond, Romantique et Floral\/Oriental (D\u00e9duit de \u201cPurple Romance\u201d)  &#x1f33f; Ingr\u00e9dients (Formulation typique d\u2019une EDP) Bien que les notes de fragrance sp\u00e9cifiques et exclusives (le \u00ab secret \u00bb) soient souvent gard\u00e9es confidentielles, la composition de base d\u2019une Eau de Parfum comprend g\u00e9n\u00e9ralement :  Alcohol D\u00e9nat. (\u00c9thanol) : Le principal support\/solvant (g\u00e9n\u00e9ralement $75-85%$ du volume total).  Parfum (Fragrance) : Le m\u00e9lange concentr\u00e9 d\u2019huiles aromatiques qui donne au parfum son odeur unique.  Aqua (Eau) : Utilis\u00e9e pour diluer le m\u00e9lange.  Additifs : Peut inclure des colorants (num\u00e9ros CI) et des filtres UV (comme la Benzoph\u00e9none).","og_url":"https:\/\/fmkstore.com\/sandbox\/fr\/product\/hannas-secret-purple-romance-pour-femme-edp-100ml-2\/","og_site_name":"FMK SANDBOX","article_modified_time":"2025-12-24T06:44:39+00:00","og_image":[{"width":680,"height":680,"url":"https:\/\/fmkstore.com\/sandbox\/wp-content\/uploads\/2025\/12\/1-1.jpg","type":"image\/jpeg"}],"twitter_card":"summary_large_image","twitter_misc":{"Est. reading time":"1 minute"},"schema":{"@context":"https:\/\/schema.org","@graph":[{"@type":"WebPage","@id":"https:\/\/fmkstore.com\/sandbox\/fr\/product\/hannas-secret-purple-romance-pour-femme-edp-100ml-2\/","url":"https:\/\/fmkstore.com\/sandbox\/fr\/product\/hannas-secret-purple-romance-pour-femme-edp-100ml-2\/","name":"Hanna's Secret Purple Romance Pour Femme EDP 100ml - FMK SANDBOX","isPartOf":{"@id":"https:\/\/fmkstore.com\/sandbox\/#website"},"primaryImageOfPage":{"@id":"https:\/\/fmkstore.com\/sandbox\/fr\/product\/hannas-secret-purple-romance-pour-femme-edp-100ml-2\/#primaryimage"},"image":{"@id":"https:\/\/fmkstore.com\/sandbox\/fr\/product\/hannas-secret-purple-romance-pour-femme-edp-100ml-2\/#primaryimage"},"thumbnailUrl":"https:\/\/fmkstore.com\/sandbox\/wp-content\/uploads\/2025\/12\/1-1.jpg","datePublished":"2025-12-04T09:08:53+00:00","dateModified":"2025-12-24T06:44:39+00:00","breadcrumb":{"@id":"https:\/\/fmkstore.com\/sandbox\/fr\/product\/hannas-secret-purple-romance-pour-femme-edp-100ml-2\/#breadcrumb"},"inLanguage":"en-US","potentialAction":[{"@type":"ReadAction","target":["https:\/\/fmkstore.com\/sandbox\/fr\/product\/hannas-secret-purple-romance-pour-femme-edp-100ml-2\/"]}]},{"@type":"ImageObject","inLanguage":"en-US","@id":"https:\/\/fmkstore.com\/sandbox\/fr\/product\/hannas-secret-purple-romance-pour-femme-edp-100ml-2\/#primaryimage","url":"https:\/\/fmkstore.com\/sandbox\/wp-content\/uploads\/2025\/12\/1-1.jpg","contentUrl":"https:\/\/fmkstore.com\/sandbox\/wp-content\/uploads\/2025\/12\/1-1.jpg","width":680,"height":680},{"@type":"BreadcrumbList","@id":"https:\/\/fmkstore.com\/sandbox\/fr\/product\/hannas-secret-purple-romance-pour-femme-edp-100ml-2\/#breadcrumb","itemListElement":[{"@type":"ListItem","position":1,"name":"Home","item":"https:\/\/fmkstore.com\/sandbox\/en\/"},{"@type":"ListItem","position":2,"name":"shop","item":"https:\/\/fmkstore.com\/sandbox\/en\/shop-2\/"},{"@type":"ListItem","position":3,"name":"Hanna&#8217;s Secret Purple Romance Pour Femme EDP 100ml"}]},{"@type":"WebSite","@id":"https:\/\/fmkstore.com\/sandbox\/#website","url":"https:\/\/fmkstore.com\/sandbox\/","name":"FMKSTORE","description":"Style for Your Life, Solutions for Your Drive.","publisher":{"@id":"https:\/\/fmkstore.com\/sandbox\/#organization"},"potentialAction":[{"@type":"SearchAction","target":{"@type":"EntryPoint","urlTemplate":"https:\/\/fmkstore.com\/sandbox\/?s={search_term_string}"},"query-input":{"@type":"PropertyValueSpecification","valueRequired":true,"valueName":"search_term_string"}}],"inLanguage":"en-US"},{"@type":"Organization","@id":"https:\/\/fmkstore.com\/sandbox\/#organization","name":"FMKSTORE","url":"https:\/\/fmkstore.com\/sandbox\/","logo":{"@type":"ImageObject","inLanguage":"en-US","@id":"https:\/\/fmkstore.com\/sandbox\/#\/schema\/logo\/image\/","url":"https:\/\/fmkstore.com\/sandbox\/wp-content\/uploads\/2025\/10\/FMk-Stores-Purple-Logo-Mark-1.png","contentUrl":"https:\/\/fmkstore.com\/sandbox\/wp-content\/uploads\/2025\/10\/FMk-Stores-Purple-Logo-Mark-1.png","width":576,"height":720,"caption":"FMKSTORE"},"image":{"@id":"https:\/\/fmkstore.com\/sandbox\/#\/schema\/logo\/image\/"}}]}},"jetpack_sharing_enabled":true,"_links":{"self":[{"href":"https:\/\/fmkstore.com\/sandbox\/wp-json\/wp\/v2\/product\/1893","targetHints":{"allow":["GET"]}}],"collection":[{"href":"https:\/\/fmkstore.com\/sandbox\/wp-json\/wp\/v2\/product"}],"about":[{"href":"https:\/\/fmkstore.com\/sandbox\/wp-json\/wp\/v2\/types\/product"}],"replies":[{"embeddable":true,"href":"https:\/\/fmkstore.com\/sandbox\/wp-json\/wp\/v2\/comments?post=1893"}],"wp:featuredmedia":[{"embeddable":true,"href":"https:\/\/fmkstore.com\/sandbox\/wp-json\/wp\/v2\/media\/1894"}],"wp:attachment":[{"href":"https:\/\/fmkstore.com\/sandbox\/wp-json\/wp\/v2\/media?parent=1893"}],"wp:term":[{"taxonomy":"product_brand","embeddable":true,"href":"https:\/\/fmkstore.com\/sandbox\/wp-json\/wp\/v2\/product_brand?post=1893"},{"taxonomy":"product_cat","embeddable":true,"href":"https:\/\/fmkstore.com\/sandbox\/wp-json\/wp\/v2\/product_cat?post=1893"},{"taxonomy":"product_tag","embeddable":true,"href":"https:\/\/fmkstore.com\/sandbox\/wp-json\/wp\/v2\/product_tag?post=1893"}],"curies":[{"name":"wp","href":"https:\/\/api.w.org\/{rel}","templated":true}]}}