{"id":1836,"date":"2025-11-29T08:03:04","date_gmt":"2025-11-29T08:03:04","guid":{"rendered":"https:\/\/fmkstore.com\/sandbox\/?post_type=product&#038;p=1836"},"modified":"2026-01-01T08:48:09","modified_gmt":"2026-01-01T08:48:09","slug":"floral-essentails-rayhaan-floriana-50ml-edp-2","status":"publish","type":"product","link":"https:\/\/fmkstore.com\/sandbox\/fr\/product\/floral-essentails-rayhaan-floriana-50ml-edp-2\/","title":{"rendered":"Floral essentails Rayhaan"},"content":{"rendered":"<p>Rayhaan Floriana is a line of fragrance known for its luxurious and sophisticated scent. The perfume emphasizes rich floral notes, blended with other elements like spices, woods, and musk to create a well-rounded fragrance. Rayhaan Collections is recognized for its quality and attention to detail, with Floriana perfumes offering a mix of traditional and modern aromas, catering to those who appreciate elegant and refined perfumes. This collection is often favored for its lasting luxuscent and versatility for both casual and formal occasions.<\/p>\n","protected":false},"excerpt":{"rendered":"<p>FLORIANA est un parfum f\u00e9minin haut de gamme qui s\u00e9duit par son raffinement et sa l\u00e9g\u00e8ret\u00e9. Inspir\u00e9 par les senteurs de fleurs d&#8217;oranger et de bergamote, il offre fra\u00eecheur et d\u00e9licatesse, tandis que le jasmin d&#8217;Inde y ajoute des notes de passion et de sensualit\u00e9. FLORIANA vous transportera dans un univers printanier, empli de l\u00e9g\u00e8ret\u00e9 et d&#8217;une sensation de beaut\u00e9 et d&#8217;\u00e9nergie f\u00e9minines infinies.<\/p>\n<p>Notes de t\u00eate : Fleur d&#8217;oranger et bergamote<\/p>\n<p>Notes de c\u0153ur : Tub\u00e9reuse et jasmin d&#8217;Inde, bois d&#8217;ambre et ambre gris<\/p>\n<p>Notes de fond : Vanille de Madagascar, r\u00e9sine de sapin, musc blanc et c\u00e8dre de Virginie<\/p>\n","protected":false},"featured_media":1837,"comment_status":"open","ping_status":"closed","template":"","meta":{"bwfblock_default_font":""},"product_brand":[708],"product_cat":[324,672,965,314],"product_tag":[393,711,982],"class_list":{"0":"post-1836","1":"product","2":"type-product","3":"status-publish","4":"has-post-thumbnail","6":"product_brand-rayhaan","7":"product_cat-parfum","8":"product_cat-pour-elle","9":"product_cat-offres","10":"product_cat-vente-flash","11":"product_tag-parfum","12":"product_tag-pour-elle","13":"product_tag-trigger-vip-fr","14":"product_shipping_class-medium-package","16":"first","17":"instock","18":"sale","19":"featured","20":"taxable","21":"shipping-taxable","22":"purchasable","23":"product-type-simple"},"yoast_head":"<!-- This site is optimized with the Yoast SEO plugin v26.8 - https:\/\/yoast.com\/product\/yoast-seo-wordpress\/ -->\n<title>Floral essentails Rayhaan - FMK SANDBOX<\/title>\n<meta name=\"robots\" content=\"noindex, follow, max-snippet:-1, max-image-preview:large, max-video-preview:-1\" \/>\n<meta property=\"og:locale\" content=\"en_US\" \/>\n<meta property=\"og:type\" content=\"article\" \/>\n<meta property=\"og:title\" content=\"Floral essentails Rayhaan - FMK SANDBOX\" \/>\n<meta property=\"og:description\" content=\"FLORIANA est un parfum f\u00e9minin haut de gamme qui s\u00e9duit par son raffinement et sa l\u00e9g\u00e8ret\u00e9. Inspir\u00e9 par les senteurs de fleurs d&#039;oranger et de bergamote, il offre fra\u00eecheur et d\u00e9licatesse, tandis que le jasmin d&#039;Inde y ajoute des notes de passion et de sensualit\u00e9. FLORIANA vous transportera dans un univers printanier, empli de l\u00e9g\u00e8ret\u00e9 et d&#039;une sensation de beaut\u00e9 et d&#039;\u00e9nergie f\u00e9minines infinies.  Notes de t\u00eate : Fleur d&#039;oranger et bergamote  Notes de c\u0153ur : Tub\u00e9reuse et jasmin d&#039;Inde, bois d&#039;ambre et ambre gris  Notes de fond : Vanille de Madagascar, r\u00e9sine de sapin, musc blanc et c\u00e8dre de Virginie\" \/>\n<meta property=\"og:url\" content=\"https:\/\/fmkstore.com\/sandbox\/fr\/product\/floral-essentails-rayhaan-floriana-50ml-edp-2\/\" \/>\n<meta property=\"og:site_name\" content=\"FMK SANDBOX\" \/>\n<meta property=\"article:modified_time\" content=\"2026-01-01T08:48:09+00:00\" \/>\n<meta property=\"og:image\" content=\"https:\/\/fmkstore.com\/sandbox\/wp-content\/uploads\/2025\/11\/rayhaan_floriana_floral_collection_for_her_edp_100ml-3.jpeg\" \/>\n\t<meta property=\"og:image:width\" content=\"700\" \/>\n\t<meta property=\"og:image:height\" content=\"700\" \/>\n\t<meta property=\"og:image:type\" content=\"image\/jpeg\" \/>\n<meta name=\"twitter:card\" content=\"summary_large_image\" \/>\n<script type=\"application\/ld+json\" class=\"yoast-schema-graph\">{\"@context\":\"https:\/\/schema.org\",\"@graph\":[{\"@type\":\"WebPage\",\"@id\":\"https:\/\/fmkstore.com\/sandbox\/fr\/product\/floral-essentails-rayhaan-floriana-50ml-edp-2\/\",\"url\":\"https:\/\/fmkstore.com\/sandbox\/fr\/product\/floral-essentails-rayhaan-floriana-50ml-edp-2\/\",\"name\":\"Floral essentails Rayhaan - FMK SANDBOX\",\"isPartOf\":{\"@id\":\"https:\/\/fmkstore.com\/sandbox\/#website\"},\"primaryImageOfPage\":{\"@id\":\"https:\/\/fmkstore.com\/sandbox\/fr\/product\/floral-essentails-rayhaan-floriana-50ml-edp-2\/#primaryimage\"},\"image\":{\"@id\":\"https:\/\/fmkstore.com\/sandbox\/fr\/product\/floral-essentails-rayhaan-floriana-50ml-edp-2\/#primaryimage\"},\"thumbnailUrl\":\"https:\/\/fmkstore.com\/sandbox\/wp-content\/uploads\/2025\/11\/rayhaan_floriana_floral_collection_for_her_edp_100ml-3.jpeg\",\"datePublished\":\"2025-11-29T08:03:04+00:00\",\"dateModified\":\"2026-01-01T08:48:09+00:00\",\"breadcrumb\":{\"@id\":\"https:\/\/fmkstore.com\/sandbox\/fr\/product\/floral-essentails-rayhaan-floriana-50ml-edp-2\/#breadcrumb\"},\"inLanguage\":\"en-US\",\"potentialAction\":[{\"@type\":\"ReadAction\",\"target\":[\"https:\/\/fmkstore.com\/sandbox\/fr\/product\/floral-essentails-rayhaan-floriana-50ml-edp-2\/\"]}]},{\"@type\":\"ImageObject\",\"inLanguage\":\"en-US\",\"@id\":\"https:\/\/fmkstore.com\/sandbox\/fr\/product\/floral-essentails-rayhaan-floriana-50ml-edp-2\/#primaryimage\",\"url\":\"https:\/\/fmkstore.com\/sandbox\/wp-content\/uploads\/2025\/11\/rayhaan_floriana_floral_collection_for_her_edp_100ml-3.jpeg\",\"contentUrl\":\"https:\/\/fmkstore.com\/sandbox\/wp-content\/uploads\/2025\/11\/rayhaan_floriana_floral_collection_for_her_edp_100ml-3.jpeg\",\"width\":700,\"height\":700},{\"@type\":\"BreadcrumbList\",\"@id\":\"https:\/\/fmkstore.com\/sandbox\/fr\/product\/floral-essentails-rayhaan-floriana-50ml-edp-2\/#breadcrumb\",\"itemListElement\":[{\"@type\":\"ListItem\",\"position\":1,\"name\":\"Home\",\"item\":\"https:\/\/fmkstore.com\/sandbox\/en\/\"},{\"@type\":\"ListItem\",\"position\":2,\"name\":\"shop\",\"item\":\"https:\/\/fmkstore.com\/sandbox\/en\/shop-2\/\"},{\"@type\":\"ListItem\",\"position\":3,\"name\":\"Floral essentails Rayhaan\"}]},{\"@type\":\"WebSite\",\"@id\":\"https:\/\/fmkstore.com\/sandbox\/#website\",\"url\":\"https:\/\/fmkstore.com\/sandbox\/\",\"name\":\"FMKSTORE\",\"description\":\"Style for Your Life, Solutions for Your Drive.\",\"publisher\":{\"@id\":\"https:\/\/fmkstore.com\/sandbox\/#organization\"},\"potentialAction\":[{\"@type\":\"SearchAction\",\"target\":{\"@type\":\"EntryPoint\",\"urlTemplate\":\"https:\/\/fmkstore.com\/sandbox\/?s={search_term_string}\"},\"query-input\":{\"@type\":\"PropertyValueSpecification\",\"valueRequired\":true,\"valueName\":\"search_term_string\"}}],\"inLanguage\":\"en-US\"},{\"@type\":\"Organization\",\"@id\":\"https:\/\/fmkstore.com\/sandbox\/#organization\",\"name\":\"FMKSTORE\",\"url\":\"https:\/\/fmkstore.com\/sandbox\/\",\"logo\":{\"@type\":\"ImageObject\",\"inLanguage\":\"en-US\",\"@id\":\"https:\/\/fmkstore.com\/sandbox\/#\/schema\/logo\/image\/\",\"url\":\"https:\/\/fmkstore.com\/sandbox\/wp-content\/uploads\/2025\/10\/FMk-Stores-Purple-Logo-Mark-1.png\",\"contentUrl\":\"https:\/\/fmkstore.com\/sandbox\/wp-content\/uploads\/2025\/10\/FMk-Stores-Purple-Logo-Mark-1.png\",\"width\":576,\"height\":720,\"caption\":\"FMKSTORE\"},\"image\":{\"@id\":\"https:\/\/fmkstore.com\/sandbox\/#\/schema\/logo\/image\/\"}}]}<\/script>\n<!-- \/ Yoast SEO plugin. -->","yoast_head_json":{"title":"Floral essentails Rayhaan - FMK SANDBOX","robots":{"index":"noindex","follow":"follow","max-snippet":"max-snippet:-1","max-image-preview":"max-image-preview:large","max-video-preview":"max-video-preview:-1"},"og_locale":"en_US","og_type":"article","og_title":"Floral essentails Rayhaan - FMK SANDBOX","og_description":"FLORIANA est un parfum f\u00e9minin haut de gamme qui s\u00e9duit par son raffinement et sa l\u00e9g\u00e8ret\u00e9. Inspir\u00e9 par les senteurs de fleurs d'oranger et de bergamote, il offre fra\u00eecheur et d\u00e9licatesse, tandis que le jasmin d'Inde y ajoute des notes de passion et de sensualit\u00e9. FLORIANA vous transportera dans un univers printanier, empli de l\u00e9g\u00e8ret\u00e9 et d'une sensation de beaut\u00e9 et d'\u00e9nergie f\u00e9minines infinies.  Notes de t\u00eate : Fleur d'oranger et bergamote  Notes de c\u0153ur : Tub\u00e9reuse et jasmin d'Inde, bois d'ambre et ambre gris  Notes de fond : Vanille de Madagascar, r\u00e9sine de sapin, musc blanc et c\u00e8dre de Virginie","og_url":"https:\/\/fmkstore.com\/sandbox\/fr\/product\/floral-essentails-rayhaan-floriana-50ml-edp-2\/","og_site_name":"FMK SANDBOX","article_modified_time":"2026-01-01T08:48:09+00:00","og_image":[{"width":700,"height":700,"url":"https:\/\/fmkstore.com\/sandbox\/wp-content\/uploads\/2025\/11\/rayhaan_floriana_floral_collection_for_her_edp_100ml-3.jpeg","type":"image\/jpeg"}],"twitter_card":"summary_large_image","schema":{"@context":"https:\/\/schema.org","@graph":[{"@type":"WebPage","@id":"https:\/\/fmkstore.com\/sandbox\/fr\/product\/floral-essentails-rayhaan-floriana-50ml-edp-2\/","url":"https:\/\/fmkstore.com\/sandbox\/fr\/product\/floral-essentails-rayhaan-floriana-50ml-edp-2\/","name":"Floral essentails Rayhaan - FMK SANDBOX","isPartOf":{"@id":"https:\/\/fmkstore.com\/sandbox\/#website"},"primaryImageOfPage":{"@id":"https:\/\/fmkstore.com\/sandbox\/fr\/product\/floral-essentails-rayhaan-floriana-50ml-edp-2\/#primaryimage"},"image":{"@id":"https:\/\/fmkstore.com\/sandbox\/fr\/product\/floral-essentails-rayhaan-floriana-50ml-edp-2\/#primaryimage"},"thumbnailUrl":"https:\/\/fmkstore.com\/sandbox\/wp-content\/uploads\/2025\/11\/rayhaan_floriana_floral_collection_for_her_edp_100ml-3.jpeg","datePublished":"2025-11-29T08:03:04+00:00","dateModified":"2026-01-01T08:48:09+00:00","breadcrumb":{"@id":"https:\/\/fmkstore.com\/sandbox\/fr\/product\/floral-essentails-rayhaan-floriana-50ml-edp-2\/#breadcrumb"},"inLanguage":"en-US","potentialAction":[{"@type":"ReadAction","target":["https:\/\/fmkstore.com\/sandbox\/fr\/product\/floral-essentails-rayhaan-floriana-50ml-edp-2\/"]}]},{"@type":"ImageObject","inLanguage":"en-US","@id":"https:\/\/fmkstore.com\/sandbox\/fr\/product\/floral-essentails-rayhaan-floriana-50ml-edp-2\/#primaryimage","url":"https:\/\/fmkstore.com\/sandbox\/wp-content\/uploads\/2025\/11\/rayhaan_floriana_floral_collection_for_her_edp_100ml-3.jpeg","contentUrl":"https:\/\/fmkstore.com\/sandbox\/wp-content\/uploads\/2025\/11\/rayhaan_floriana_floral_collection_for_her_edp_100ml-3.jpeg","width":700,"height":700},{"@type":"BreadcrumbList","@id":"https:\/\/fmkstore.com\/sandbox\/fr\/product\/floral-essentails-rayhaan-floriana-50ml-edp-2\/#breadcrumb","itemListElement":[{"@type":"ListItem","position":1,"name":"Home","item":"https:\/\/fmkstore.com\/sandbox\/en\/"},{"@type":"ListItem","position":2,"name":"shop","item":"https:\/\/fmkstore.com\/sandbox\/en\/shop-2\/"},{"@type":"ListItem","position":3,"name":"Floral essentails Rayhaan"}]},{"@type":"WebSite","@id":"https:\/\/fmkstore.com\/sandbox\/#website","url":"https:\/\/fmkstore.com\/sandbox\/","name":"FMKSTORE","description":"Style for Your Life, Solutions for Your Drive.","publisher":{"@id":"https:\/\/fmkstore.com\/sandbox\/#organization"},"potentialAction":[{"@type":"SearchAction","target":{"@type":"EntryPoint","urlTemplate":"https:\/\/fmkstore.com\/sandbox\/?s={search_term_string}"},"query-input":{"@type":"PropertyValueSpecification","valueRequired":true,"valueName":"search_term_string"}}],"inLanguage":"en-US"},{"@type":"Organization","@id":"https:\/\/fmkstore.com\/sandbox\/#organization","name":"FMKSTORE","url":"https:\/\/fmkstore.com\/sandbox\/","logo":{"@type":"ImageObject","inLanguage":"en-US","@id":"https:\/\/fmkstore.com\/sandbox\/#\/schema\/logo\/image\/","url":"https:\/\/fmkstore.com\/sandbox\/wp-content\/uploads\/2025\/10\/FMk-Stores-Purple-Logo-Mark-1.png","contentUrl":"https:\/\/fmkstore.com\/sandbox\/wp-content\/uploads\/2025\/10\/FMk-Stores-Purple-Logo-Mark-1.png","width":576,"height":720,"caption":"FMKSTORE"},"image":{"@id":"https:\/\/fmkstore.com\/sandbox\/#\/schema\/logo\/image\/"}}]}},"jetpack_sharing_enabled":true,"_links":{"self":[{"href":"https:\/\/fmkstore.com\/sandbox\/wp-json\/wp\/v2\/product\/1836","targetHints":{"allow":["GET"]}}],"collection":[{"href":"https:\/\/fmkstore.com\/sandbox\/wp-json\/wp\/v2\/product"}],"about":[{"href":"https:\/\/fmkstore.com\/sandbox\/wp-json\/wp\/v2\/types\/product"}],"replies":[{"embeddable":true,"href":"https:\/\/fmkstore.com\/sandbox\/wp-json\/wp\/v2\/comments?post=1836"}],"wp:featuredmedia":[{"embeddable":true,"href":"https:\/\/fmkstore.com\/sandbox\/wp-json\/wp\/v2\/media\/1837"}],"wp:attachment":[{"href":"https:\/\/fmkstore.com\/sandbox\/wp-json\/wp\/v2\/media?parent=1836"}],"wp:term":[{"taxonomy":"product_brand","embeddable":true,"href":"https:\/\/fmkstore.com\/sandbox\/wp-json\/wp\/v2\/product_brand?post=1836"},{"taxonomy":"product_cat","embeddable":true,"href":"https:\/\/fmkstore.com\/sandbox\/wp-json\/wp\/v2\/product_cat?post=1836"},{"taxonomy":"product_tag","embeddable":true,"href":"https:\/\/fmkstore.com\/sandbox\/wp-json\/wp\/v2\/product_tag?post=1836"}],"curies":[{"name":"wp","href":"https:\/\/api.w.org\/{rel}","templated":true}]}}