{"id":1810,"date":"2025-11-29T06:51:32","date_gmt":"2025-11-29T06:51:32","guid":{"rendered":"https:\/\/fmkstore.com\/sandbox\/?post_type=product&#038;p=1810"},"modified":"2025-12-23T14:34:04","modified_gmt":"2025-12-23T14:34:04","slug":"lattafa-fakhar-pride-silver-by-lattafa-2","status":"publish","type":"product","link":"https:\/\/fmkstore.com\/sandbox\/fr\/product\/lattafa-fakhar-pride-silver-by-lattafa-2\/","title":{"rendered":"Lattafa FAKHAR PRIDE SILVER BY LATTAFA"},"content":{"rendered":"<p>L&#8217;eau de parfum Fakhar pour homme de Lattafa Perfumes est une fragrance florale chaleureuse aux d\u00e9licates notes gourmandes. L\u00e9g\u00e8rement fruit\u00e9e et a\u00e9rienne, elle s&#8217;ouvre sur des notes de t\u00eate d&#8217;ald\u00e9hydes, de lys, de grenade et de fruits. Son c\u0153ur sensuel r\u00e9v\u00e8le des notes florales de rose, de jasmin, de ch\u00e8vrefeuille, de tub\u00e9reuse, d&#8217;ylang-ylang, de pivoine et de gard\u00e9nia. Un fond subtil de vanille, de santal, d&#8217;ambroxan et de musc blanc apporte une touche finale raffin\u00e9e. Fakhar pour femme offre un parfait \u00e9quilibre entre notes gourmandes et fleurs blanches.<\/p>\n<p>Cette fragrance envo\u00fbtante et sensuelle enveloppe celui ou celle qui la porte d&#8217;un nuage de fleurs et de notes d\u00e9licieuses. Id\u00e9ale pour toutes les occasions, elle r\u00e9v\u00e8le toute sa splendeur en soir\u00e9e ou lors de f\u00eates. Accords principaux\u00a0: floral, fleurs blanches, tub\u00e9reuse, poudr\u00e9, sucr\u00e9, fruit\u00e9, musc blanc, vanille.<\/p>\n<p>Recommand\u00e9 pour les hommes. L&#8217;eau de parfum Fakhar pour homme de Lattafa Perfumes est une fragrance florale chaleureuse aux d\u00e9licates notes gourmandes. L\u00e9g\u00e8rement fruit\u00e9 et a\u00e9rien, ce parfum s&#8217;ouvre sur des notes de t\u00eate d&#8217;ald\u00e9hydes, de lys, de grenade et de notes fruit\u00e9es. Son c\u0153ur sensuel r\u00e9v\u00e8le des notes florales de rose, de jasmin, de ch\u00e8vrefeuille, de tub\u00e9reuse, d&#8217;ylang-ylang, de pivoine et de gard\u00e9nia. Un fond subtil de vanille, de santal, d&#8217;ambroxan et de musc blanc apporte une touche finale raffin\u00e9e. Fakhar Femme offre un parfait \u00e9quilibre entre notes gourmandes et fleurs blanches. Ce parfum envo\u00fbtant et sensuel enveloppe celle qui le porte d&#8217;un nuage floral et de notes d\u00e9licieuses. Id\u00e9al pour toutes les occasions, il r\u00e9v\u00e8le toute sa splendeur en soir\u00e9e ou lors de f\u00eates. Accords principaux : floral, fleurs blanches, tub\u00e9reuse, poudr\u00e9, sucr\u00e9, fruit\u00e9, musc blanc, vanille. Recommand\u00e9 pour les hommes.<\/p>\n","protected":false},"excerpt":{"rendered":"<p>Parfum agr\u00e9able. N&#8217;irrite pas la gorge. Ne tache pas. Dure plus longtemps.<\/p>\n","protected":false},"featured_media":1811,"comment_status":"open","ping_status":"closed","template":"","meta":{"bwfblock_default_font":""},"product_brand":[],"product_cat":[320,324,678],"product_tag":[393,395],"class_list":{"0":"post-1810","1":"product","2":"type-product","3":"status-publish","4":"has-post-thumbnail","6":"product_cat-parfums-et-cologne","7":"product_cat-parfum","8":"product_cat-pour-lui","9":"product_tag-parfum","10":"product_tag-parfums-et-cologne","11":"product_shipping_class-medium-package","13":"first","14":"outofstock","15":"featured","16":"taxable","17":"shipping-taxable","18":"purchasable","19":"product-type-simple"},"yoast_head":"<!-- This site is optimized with the Yoast SEO plugin v26.8 - https:\/\/yoast.com\/product\/yoast-seo-wordpress\/ -->\n<title>Lattafa FAKHAR PRIDE SILVER BY LATTAFA - FMK SANDBOX<\/title>\n<meta name=\"robots\" content=\"noindex, follow, max-snippet:-1, max-image-preview:large, max-video-preview:-1\" \/>\n<meta property=\"og:locale\" content=\"en_US\" \/>\n<meta property=\"og:type\" content=\"article\" \/>\n<meta property=\"og:title\" content=\"Lattafa FAKHAR PRIDE SILVER BY LATTAFA - FMK SANDBOX\" \/>\n<meta property=\"og:description\" content=\"Parfum agr\u00e9able. N&#039;irrite pas la gorge. Ne tache pas. Dure plus longtemps.\" \/>\n<meta property=\"og:url\" content=\"https:\/\/fmkstore.com\/sandbox\/fr\/product\/lattafa-fakhar-pride-silver-by-lattafa-2\/\" \/>\n<meta property=\"og:site_name\" content=\"FMK SANDBOX\" \/>\n<meta property=\"article:modified_time\" content=\"2025-12-23T14:34:04+00:00\" \/>\n<meta property=\"og:image\" content=\"https:\/\/fmkstore.com\/sandbox\/wp-content\/uploads\/2025\/11\/lattafa.jpg\" \/>\n\t<meta property=\"og:image:width\" content=\"500\" \/>\n\t<meta property=\"og:image:height\" content=\"500\" \/>\n\t<meta property=\"og:image:type\" content=\"image\/jpeg\" \/>\n<meta name=\"twitter:card\" content=\"summary_large_image\" \/>\n<meta name=\"twitter:label1\" content=\"Est. reading time\" \/>\n\t<meta name=\"twitter:data1\" content=\"2 minutes\" \/>\n<script type=\"application\/ld+json\" class=\"yoast-schema-graph\">{\"@context\":\"https:\/\/schema.org\",\"@graph\":[{\"@type\":\"WebPage\",\"@id\":\"https:\/\/fmkstore.com\/sandbox\/fr\/product\/lattafa-fakhar-pride-silver-by-lattafa-2\/\",\"url\":\"https:\/\/fmkstore.com\/sandbox\/fr\/product\/lattafa-fakhar-pride-silver-by-lattafa-2\/\",\"name\":\"Lattafa FAKHAR PRIDE SILVER BY LATTAFA - FMK SANDBOX\",\"isPartOf\":{\"@id\":\"https:\/\/fmkstore.com\/sandbox\/#website\"},\"primaryImageOfPage\":{\"@id\":\"https:\/\/fmkstore.com\/sandbox\/fr\/product\/lattafa-fakhar-pride-silver-by-lattafa-2\/#primaryimage\"},\"image\":{\"@id\":\"https:\/\/fmkstore.com\/sandbox\/fr\/product\/lattafa-fakhar-pride-silver-by-lattafa-2\/#primaryimage\"},\"thumbnailUrl\":\"https:\/\/fmkstore.com\/sandbox\/wp-content\/uploads\/2025\/11\/lattafa.jpg\",\"datePublished\":\"2025-11-29T06:51:32+00:00\",\"dateModified\":\"2025-12-23T14:34:04+00:00\",\"breadcrumb\":{\"@id\":\"https:\/\/fmkstore.com\/sandbox\/fr\/product\/lattafa-fakhar-pride-silver-by-lattafa-2\/#breadcrumb\"},\"inLanguage\":\"en-US\",\"potentialAction\":[{\"@type\":\"ReadAction\",\"target\":[\"https:\/\/fmkstore.com\/sandbox\/fr\/product\/lattafa-fakhar-pride-silver-by-lattafa-2\/\"]}]},{\"@type\":\"ImageObject\",\"inLanguage\":\"en-US\",\"@id\":\"https:\/\/fmkstore.com\/sandbox\/fr\/product\/lattafa-fakhar-pride-silver-by-lattafa-2\/#primaryimage\",\"url\":\"https:\/\/fmkstore.com\/sandbox\/wp-content\/uploads\/2025\/11\/lattafa.jpg\",\"contentUrl\":\"https:\/\/fmkstore.com\/sandbox\/wp-content\/uploads\/2025\/11\/lattafa.jpg\",\"width\":500,\"height\":500},{\"@type\":\"BreadcrumbList\",\"@id\":\"https:\/\/fmkstore.com\/sandbox\/fr\/product\/lattafa-fakhar-pride-silver-by-lattafa-2\/#breadcrumb\",\"itemListElement\":[{\"@type\":\"ListItem\",\"position\":1,\"name\":\"Home\",\"item\":\"https:\/\/fmkstore.com\/sandbox\/en\/\"},{\"@type\":\"ListItem\",\"position\":2,\"name\":\"shop\",\"item\":\"https:\/\/fmkstore.com\/sandbox\/en\/shop-2\/\"},{\"@type\":\"ListItem\",\"position\":3,\"name\":\"Lattafa FAKHAR PRIDE SILVER BY LATTAFA\"}]},{\"@type\":\"WebSite\",\"@id\":\"https:\/\/fmkstore.com\/sandbox\/#website\",\"url\":\"https:\/\/fmkstore.com\/sandbox\/\",\"name\":\"FMKSTORE\",\"description\":\"Style for Your Life, Solutions for Your Drive.\",\"publisher\":{\"@id\":\"https:\/\/fmkstore.com\/sandbox\/#organization\"},\"potentialAction\":[{\"@type\":\"SearchAction\",\"target\":{\"@type\":\"EntryPoint\",\"urlTemplate\":\"https:\/\/fmkstore.com\/sandbox\/?s={search_term_string}\"},\"query-input\":{\"@type\":\"PropertyValueSpecification\",\"valueRequired\":true,\"valueName\":\"search_term_string\"}}],\"inLanguage\":\"en-US\"},{\"@type\":\"Organization\",\"@id\":\"https:\/\/fmkstore.com\/sandbox\/#organization\",\"name\":\"FMKSTORE\",\"url\":\"https:\/\/fmkstore.com\/sandbox\/\",\"logo\":{\"@type\":\"ImageObject\",\"inLanguage\":\"en-US\",\"@id\":\"https:\/\/fmkstore.com\/sandbox\/#\/schema\/logo\/image\/\",\"url\":\"https:\/\/fmkstore.com\/sandbox\/wp-content\/uploads\/2025\/10\/FMk-Stores-Purple-Logo-Mark-1.png\",\"contentUrl\":\"https:\/\/fmkstore.com\/sandbox\/wp-content\/uploads\/2025\/10\/FMk-Stores-Purple-Logo-Mark-1.png\",\"width\":576,\"height\":720,\"caption\":\"FMKSTORE\"},\"image\":{\"@id\":\"https:\/\/fmkstore.com\/sandbox\/#\/schema\/logo\/image\/\"}}]}<\/script>\n<!-- \/ Yoast SEO plugin. -->","yoast_head_json":{"title":"Lattafa FAKHAR PRIDE SILVER BY LATTAFA - FMK SANDBOX","robots":{"index":"noindex","follow":"follow","max-snippet":"max-snippet:-1","max-image-preview":"max-image-preview:large","max-video-preview":"max-video-preview:-1"},"og_locale":"en_US","og_type":"article","og_title":"Lattafa FAKHAR PRIDE SILVER BY LATTAFA - FMK SANDBOX","og_description":"Parfum agr\u00e9able. N'irrite pas la gorge. Ne tache pas. Dure plus longtemps.","og_url":"https:\/\/fmkstore.com\/sandbox\/fr\/product\/lattafa-fakhar-pride-silver-by-lattafa-2\/","og_site_name":"FMK SANDBOX","article_modified_time":"2025-12-23T14:34:04+00:00","og_image":[{"width":500,"height":500,"url":"https:\/\/fmkstore.com\/sandbox\/wp-content\/uploads\/2025\/11\/lattafa.jpg","type":"image\/jpeg"}],"twitter_card":"summary_large_image","twitter_misc":{"Est. reading time":"2 minutes"},"schema":{"@context":"https:\/\/schema.org","@graph":[{"@type":"WebPage","@id":"https:\/\/fmkstore.com\/sandbox\/fr\/product\/lattafa-fakhar-pride-silver-by-lattafa-2\/","url":"https:\/\/fmkstore.com\/sandbox\/fr\/product\/lattafa-fakhar-pride-silver-by-lattafa-2\/","name":"Lattafa FAKHAR PRIDE SILVER BY LATTAFA - FMK SANDBOX","isPartOf":{"@id":"https:\/\/fmkstore.com\/sandbox\/#website"},"primaryImageOfPage":{"@id":"https:\/\/fmkstore.com\/sandbox\/fr\/product\/lattafa-fakhar-pride-silver-by-lattafa-2\/#primaryimage"},"image":{"@id":"https:\/\/fmkstore.com\/sandbox\/fr\/product\/lattafa-fakhar-pride-silver-by-lattafa-2\/#primaryimage"},"thumbnailUrl":"https:\/\/fmkstore.com\/sandbox\/wp-content\/uploads\/2025\/11\/lattafa.jpg","datePublished":"2025-11-29T06:51:32+00:00","dateModified":"2025-12-23T14:34:04+00:00","breadcrumb":{"@id":"https:\/\/fmkstore.com\/sandbox\/fr\/product\/lattafa-fakhar-pride-silver-by-lattafa-2\/#breadcrumb"},"inLanguage":"en-US","potentialAction":[{"@type":"ReadAction","target":["https:\/\/fmkstore.com\/sandbox\/fr\/product\/lattafa-fakhar-pride-silver-by-lattafa-2\/"]}]},{"@type":"ImageObject","inLanguage":"en-US","@id":"https:\/\/fmkstore.com\/sandbox\/fr\/product\/lattafa-fakhar-pride-silver-by-lattafa-2\/#primaryimage","url":"https:\/\/fmkstore.com\/sandbox\/wp-content\/uploads\/2025\/11\/lattafa.jpg","contentUrl":"https:\/\/fmkstore.com\/sandbox\/wp-content\/uploads\/2025\/11\/lattafa.jpg","width":500,"height":500},{"@type":"BreadcrumbList","@id":"https:\/\/fmkstore.com\/sandbox\/fr\/product\/lattafa-fakhar-pride-silver-by-lattafa-2\/#breadcrumb","itemListElement":[{"@type":"ListItem","position":1,"name":"Home","item":"https:\/\/fmkstore.com\/sandbox\/en\/"},{"@type":"ListItem","position":2,"name":"shop","item":"https:\/\/fmkstore.com\/sandbox\/en\/shop-2\/"},{"@type":"ListItem","position":3,"name":"Lattafa FAKHAR PRIDE SILVER BY LATTAFA"}]},{"@type":"WebSite","@id":"https:\/\/fmkstore.com\/sandbox\/#website","url":"https:\/\/fmkstore.com\/sandbox\/","name":"FMKSTORE","description":"Style for Your Life, Solutions for Your Drive.","publisher":{"@id":"https:\/\/fmkstore.com\/sandbox\/#organization"},"potentialAction":[{"@type":"SearchAction","target":{"@type":"EntryPoint","urlTemplate":"https:\/\/fmkstore.com\/sandbox\/?s={search_term_string}"},"query-input":{"@type":"PropertyValueSpecification","valueRequired":true,"valueName":"search_term_string"}}],"inLanguage":"en-US"},{"@type":"Organization","@id":"https:\/\/fmkstore.com\/sandbox\/#organization","name":"FMKSTORE","url":"https:\/\/fmkstore.com\/sandbox\/","logo":{"@type":"ImageObject","inLanguage":"en-US","@id":"https:\/\/fmkstore.com\/sandbox\/#\/schema\/logo\/image\/","url":"https:\/\/fmkstore.com\/sandbox\/wp-content\/uploads\/2025\/10\/FMk-Stores-Purple-Logo-Mark-1.png","contentUrl":"https:\/\/fmkstore.com\/sandbox\/wp-content\/uploads\/2025\/10\/FMk-Stores-Purple-Logo-Mark-1.png","width":576,"height":720,"caption":"FMKSTORE"},"image":{"@id":"https:\/\/fmkstore.com\/sandbox\/#\/schema\/logo\/image\/"}}]}},"jetpack_sharing_enabled":true,"_links":{"self":[{"href":"https:\/\/fmkstore.com\/sandbox\/wp-json\/wp\/v2\/product\/1810","targetHints":{"allow":["GET"]}}],"collection":[{"href":"https:\/\/fmkstore.com\/sandbox\/wp-json\/wp\/v2\/product"}],"about":[{"href":"https:\/\/fmkstore.com\/sandbox\/wp-json\/wp\/v2\/types\/product"}],"replies":[{"embeddable":true,"href":"https:\/\/fmkstore.com\/sandbox\/wp-json\/wp\/v2\/comments?post=1810"}],"wp:featuredmedia":[{"embeddable":true,"href":"https:\/\/fmkstore.com\/sandbox\/wp-json\/wp\/v2\/media\/1811"}],"wp:attachment":[{"href":"https:\/\/fmkstore.com\/sandbox\/wp-json\/wp\/v2\/media?parent=1810"}],"wp:term":[{"taxonomy":"product_brand","embeddable":true,"href":"https:\/\/fmkstore.com\/sandbox\/wp-json\/wp\/v2\/product_brand?post=1810"},{"taxonomy":"product_cat","embeddable":true,"href":"https:\/\/fmkstore.com\/sandbox\/wp-json\/wp\/v2\/product_cat?post=1810"},{"taxonomy":"product_tag","embeddable":true,"href":"https:\/\/fmkstore.com\/sandbox\/wp-json\/wp\/v2\/product_tag?post=1810"}],"curies":[{"name":"wp","href":"https:\/\/api.w.org\/{rel}","templated":true}]}}