{"id":1773,"date":"2025-11-28T13:35:07","date_gmt":"2025-11-28T13:35:07","guid":{"rendered":"https:\/\/fmkstore.com\/sandbox\/?post_type=product&#038;p=1773"},"modified":"2026-01-03T08:41:51","modified_gmt":"2026-01-03T08:41:51","slug":"nivea-men-fresh-active-original-deodorant-for-men-150ml-2","status":"publish","type":"product","link":"https:\/\/fmkstore.com\/sandbox\/fr\/product\/nivea-men-fresh-active-original-deodorant-for-men-150ml-2\/","title":{"rendered":"NIVEA Men Fresh Active Deodorant for Men"},"content":{"rendered":"<p>Formul\u00e9 avec une technologie haute performance<\/p>\n<p>Offre une protection anti-transpirante de 48 heures<\/p>\n<p>Procure une sensation de fra\u00eecheur durable<\/p>\n<p>Appliquez une fine couche uniforme de d\u00e9odorant sur les aisselles. Laissez s\u00e9cher compl\u00e8tement avant de vous habiller. Renouvelez l&#8217;application au besoin pendant la journ\u00e9e ou apr\u00e8s le sport pour une protection continue.<\/p>\n<p>Ingr\u00e9dients : Butane, Alcool d\u00e9natur\u00e9, Isobutane, Propane, Parfum, Acide butyloctano\u00efque, M\u00e9thylph\u00e9nylbutanol, Extrait de Maris Limus, Extrait de coquille d&#8217;Ostrea, Huile de Persea Gratissima, Octyldod\u00e9canol, Eau, Propyl\u00e8ne glycol, Linalol, Limon\u00e8ne, Coumarine, G\u00e9raniol, Citronellol, Butylph\u00e9nyl m\u00e9thylpropional, Alpha-isom\u00e9thyl ionone, Eug\u00e9nol, Citral<\/p>\n","protected":false},"excerpt":{"rendered":"<p>Le d\u00e9odorant Nivea Men Fresh Active, enrichi en agents antibact\u00e9riens et formul\u00e9 aux notes rafra\u00eechissantes d&#8217;extraits marins, vous assure fra\u00eecheur et \u00e9nergie tout l&#8217;\u00e9t\u00e9. Affrontez la chaleur sans crainte gr\u00e2ce \u00e0 ce d\u00e9odorant pour homme. Fra\u00eecheur et \u00e9nergie garanties.<\/p>\n","protected":false},"featured_media":1774,"comment_status":"open","ping_status":"closed","template":"","meta":{"bwfblock_default_font":""},"product_brand":[],"product_cat":[979,965],"product_tag":[407,523,395,982],"class_list":{"0":"post-1773","1":"product","2":"type-product","3":"status-publish","4":"has-post-thumbnail","6":"product_cat-deodorants-fr","7":"product_cat-offres","8":"product_tag-mode-masculine","9":"product_tag-nivea-fr","10":"product_tag-parfums-et-cologne","11":"product_tag-trigger-vip-fr","12":"product_shipping_class-simple-package","14":"first","15":"instock","16":"featured","17":"taxable","18":"shipping-taxable","19":"purchasable","20":"product-type-simple"},"yoast_head":"<!-- This site is optimized with the Yoast SEO plugin v26.8 - https:\/\/yoast.com\/product\/yoast-seo-wordpress\/ -->\n<title>NIVEA Men Fresh Active Deodorant for Men - FMK SANDBOX<\/title>\n<meta name=\"robots\" content=\"noindex, follow, max-snippet:-1, max-image-preview:large, max-video-preview:-1\" \/>\n<meta property=\"og:locale\" content=\"en_US\" \/>\n<meta property=\"og:type\" content=\"article\" \/>\n<meta property=\"og:title\" content=\"NIVEA Men Fresh Active Deodorant for Men - FMK SANDBOX\" \/>\n<meta property=\"og:description\" content=\"Le d\u00e9odorant Nivea Men Fresh Active, enrichi en agents antibact\u00e9riens et formul\u00e9 aux notes rafra\u00eechissantes d&#039;extraits marins, vous assure fra\u00eecheur et \u00e9nergie tout l&#039;\u00e9t\u00e9. Affrontez la chaleur sans crainte gr\u00e2ce \u00e0 ce d\u00e9odorant pour homme. Fra\u00eecheur et \u00e9nergie garanties.\" \/>\n<meta property=\"og:url\" content=\"https:\/\/fmkstore.com\/sandbox\/fr\/product\/nivea-men-fresh-active-original-deodorant-for-men-150ml-2\/\" \/>\n<meta property=\"og:site_name\" content=\"FMK SANDBOX\" \/>\n<meta property=\"article:modified_time\" content=\"2026-01-03T08:41:51+00:00\" \/>\n<meta property=\"og:image\" content=\"https:\/\/fmkstore.com\/sandbox\/wp-content\/uploads\/2025\/11\/niveamenfreshactive.webp\" \/>\n\t<meta property=\"og:image:width\" content=\"927\" \/>\n\t<meta property=\"og:image:height\" content=\"869\" \/>\n\t<meta property=\"og:image:type\" content=\"image\/webp\" \/>\n<meta name=\"twitter:card\" content=\"summary_large_image\" \/>\n<meta name=\"twitter:label1\" content=\"Est. reading time\" \/>\n\t<meta name=\"twitter:data1\" content=\"1 minute\" \/>\n<script type=\"application\/ld+json\" class=\"yoast-schema-graph\">{\"@context\":\"https:\/\/schema.org\",\"@graph\":[{\"@type\":\"WebPage\",\"@id\":\"https:\/\/fmkstore.com\/sandbox\/fr\/product\/nivea-men-fresh-active-original-deodorant-for-men-150ml-2\/\",\"url\":\"https:\/\/fmkstore.com\/sandbox\/fr\/product\/nivea-men-fresh-active-original-deodorant-for-men-150ml-2\/\",\"name\":\"NIVEA Men Fresh Active Deodorant for Men - FMK SANDBOX\",\"isPartOf\":{\"@id\":\"https:\/\/fmkstore.com\/sandbox\/#website\"},\"primaryImageOfPage\":{\"@id\":\"https:\/\/fmkstore.com\/sandbox\/fr\/product\/nivea-men-fresh-active-original-deodorant-for-men-150ml-2\/#primaryimage\"},\"image\":{\"@id\":\"https:\/\/fmkstore.com\/sandbox\/fr\/product\/nivea-men-fresh-active-original-deodorant-for-men-150ml-2\/#primaryimage\"},\"thumbnailUrl\":\"https:\/\/fmkstore.com\/sandbox\/wp-content\/uploads\/2025\/11\/niveamenfreshactive.webp\",\"datePublished\":\"2025-11-28T13:35:07+00:00\",\"dateModified\":\"2026-01-03T08:41:51+00:00\",\"breadcrumb\":{\"@id\":\"https:\/\/fmkstore.com\/sandbox\/fr\/product\/nivea-men-fresh-active-original-deodorant-for-men-150ml-2\/#breadcrumb\"},\"inLanguage\":\"en-US\",\"potentialAction\":[{\"@type\":\"ReadAction\",\"target\":[\"https:\/\/fmkstore.com\/sandbox\/fr\/product\/nivea-men-fresh-active-original-deodorant-for-men-150ml-2\/\"]}]},{\"@type\":\"ImageObject\",\"inLanguage\":\"en-US\",\"@id\":\"https:\/\/fmkstore.com\/sandbox\/fr\/product\/nivea-men-fresh-active-original-deodorant-for-men-150ml-2\/#primaryimage\",\"url\":\"https:\/\/fmkstore.com\/sandbox\/wp-content\/uploads\/2025\/11\/niveamenfreshactive.webp\",\"contentUrl\":\"https:\/\/fmkstore.com\/sandbox\/wp-content\/uploads\/2025\/11\/niveamenfreshactive.webp\",\"width\":927,\"height\":869},{\"@type\":\"BreadcrumbList\",\"@id\":\"https:\/\/fmkstore.com\/sandbox\/fr\/product\/nivea-men-fresh-active-original-deodorant-for-men-150ml-2\/#breadcrumb\",\"itemListElement\":[{\"@type\":\"ListItem\",\"position\":1,\"name\":\"Home\",\"item\":\"https:\/\/fmkstore.com\/sandbox\/en\/\"},{\"@type\":\"ListItem\",\"position\":2,\"name\":\"shop\",\"item\":\"https:\/\/fmkstore.com\/sandbox\/en\/shop-2\/\"},{\"@type\":\"ListItem\",\"position\":3,\"name\":\"NIVEA Men Fresh Active Deodorant for Men\"}]},{\"@type\":\"WebSite\",\"@id\":\"https:\/\/fmkstore.com\/sandbox\/#website\",\"url\":\"https:\/\/fmkstore.com\/sandbox\/\",\"name\":\"FMKSTORE\",\"description\":\"Style for Your Life, Solutions for Your Drive.\",\"publisher\":{\"@id\":\"https:\/\/fmkstore.com\/sandbox\/#organization\"},\"potentialAction\":[{\"@type\":\"SearchAction\",\"target\":{\"@type\":\"EntryPoint\",\"urlTemplate\":\"https:\/\/fmkstore.com\/sandbox\/?s={search_term_string}\"},\"query-input\":{\"@type\":\"PropertyValueSpecification\",\"valueRequired\":true,\"valueName\":\"search_term_string\"}}],\"inLanguage\":\"en-US\"},{\"@type\":\"Organization\",\"@id\":\"https:\/\/fmkstore.com\/sandbox\/#organization\",\"name\":\"FMKSTORE\",\"url\":\"https:\/\/fmkstore.com\/sandbox\/\",\"logo\":{\"@type\":\"ImageObject\",\"inLanguage\":\"en-US\",\"@id\":\"https:\/\/fmkstore.com\/sandbox\/#\/schema\/logo\/image\/\",\"url\":\"https:\/\/fmkstore.com\/sandbox\/wp-content\/uploads\/2025\/10\/FMk-Stores-Purple-Logo-Mark-1.png\",\"contentUrl\":\"https:\/\/fmkstore.com\/sandbox\/wp-content\/uploads\/2025\/10\/FMk-Stores-Purple-Logo-Mark-1.png\",\"width\":576,\"height\":720,\"caption\":\"FMKSTORE\"},\"image\":{\"@id\":\"https:\/\/fmkstore.com\/sandbox\/#\/schema\/logo\/image\/\"}}]}<\/script>\n<!-- \/ Yoast SEO plugin. -->","yoast_head_json":{"title":"NIVEA Men Fresh Active Deodorant for Men - FMK SANDBOX","robots":{"index":"noindex","follow":"follow","max-snippet":"max-snippet:-1","max-image-preview":"max-image-preview:large","max-video-preview":"max-video-preview:-1"},"og_locale":"en_US","og_type":"article","og_title":"NIVEA Men Fresh Active Deodorant for Men - FMK SANDBOX","og_description":"Le d\u00e9odorant Nivea Men Fresh Active, enrichi en agents antibact\u00e9riens et formul\u00e9 aux notes rafra\u00eechissantes d'extraits marins, vous assure fra\u00eecheur et \u00e9nergie tout l'\u00e9t\u00e9. Affrontez la chaleur sans crainte gr\u00e2ce \u00e0 ce d\u00e9odorant pour homme. Fra\u00eecheur et \u00e9nergie garanties.","og_url":"https:\/\/fmkstore.com\/sandbox\/fr\/product\/nivea-men-fresh-active-original-deodorant-for-men-150ml-2\/","og_site_name":"FMK SANDBOX","article_modified_time":"2026-01-03T08:41:51+00:00","og_image":[{"width":927,"height":869,"url":"https:\/\/fmkstore.com\/sandbox\/wp-content\/uploads\/2025\/11\/niveamenfreshactive.webp","type":"image\/webp"}],"twitter_card":"summary_large_image","twitter_misc":{"Est. reading time":"1 minute"},"schema":{"@context":"https:\/\/schema.org","@graph":[{"@type":"WebPage","@id":"https:\/\/fmkstore.com\/sandbox\/fr\/product\/nivea-men-fresh-active-original-deodorant-for-men-150ml-2\/","url":"https:\/\/fmkstore.com\/sandbox\/fr\/product\/nivea-men-fresh-active-original-deodorant-for-men-150ml-2\/","name":"NIVEA Men Fresh Active Deodorant for Men - FMK SANDBOX","isPartOf":{"@id":"https:\/\/fmkstore.com\/sandbox\/#website"},"primaryImageOfPage":{"@id":"https:\/\/fmkstore.com\/sandbox\/fr\/product\/nivea-men-fresh-active-original-deodorant-for-men-150ml-2\/#primaryimage"},"image":{"@id":"https:\/\/fmkstore.com\/sandbox\/fr\/product\/nivea-men-fresh-active-original-deodorant-for-men-150ml-2\/#primaryimage"},"thumbnailUrl":"https:\/\/fmkstore.com\/sandbox\/wp-content\/uploads\/2025\/11\/niveamenfreshactive.webp","datePublished":"2025-11-28T13:35:07+00:00","dateModified":"2026-01-03T08:41:51+00:00","breadcrumb":{"@id":"https:\/\/fmkstore.com\/sandbox\/fr\/product\/nivea-men-fresh-active-original-deodorant-for-men-150ml-2\/#breadcrumb"},"inLanguage":"en-US","potentialAction":[{"@type":"ReadAction","target":["https:\/\/fmkstore.com\/sandbox\/fr\/product\/nivea-men-fresh-active-original-deodorant-for-men-150ml-2\/"]}]},{"@type":"ImageObject","inLanguage":"en-US","@id":"https:\/\/fmkstore.com\/sandbox\/fr\/product\/nivea-men-fresh-active-original-deodorant-for-men-150ml-2\/#primaryimage","url":"https:\/\/fmkstore.com\/sandbox\/wp-content\/uploads\/2025\/11\/niveamenfreshactive.webp","contentUrl":"https:\/\/fmkstore.com\/sandbox\/wp-content\/uploads\/2025\/11\/niveamenfreshactive.webp","width":927,"height":869},{"@type":"BreadcrumbList","@id":"https:\/\/fmkstore.com\/sandbox\/fr\/product\/nivea-men-fresh-active-original-deodorant-for-men-150ml-2\/#breadcrumb","itemListElement":[{"@type":"ListItem","position":1,"name":"Home","item":"https:\/\/fmkstore.com\/sandbox\/en\/"},{"@type":"ListItem","position":2,"name":"shop","item":"https:\/\/fmkstore.com\/sandbox\/en\/shop-2\/"},{"@type":"ListItem","position":3,"name":"NIVEA Men Fresh Active Deodorant for Men"}]},{"@type":"WebSite","@id":"https:\/\/fmkstore.com\/sandbox\/#website","url":"https:\/\/fmkstore.com\/sandbox\/","name":"FMKSTORE","description":"Style for Your Life, Solutions for Your Drive.","publisher":{"@id":"https:\/\/fmkstore.com\/sandbox\/#organization"},"potentialAction":[{"@type":"SearchAction","target":{"@type":"EntryPoint","urlTemplate":"https:\/\/fmkstore.com\/sandbox\/?s={search_term_string}"},"query-input":{"@type":"PropertyValueSpecification","valueRequired":true,"valueName":"search_term_string"}}],"inLanguage":"en-US"},{"@type":"Organization","@id":"https:\/\/fmkstore.com\/sandbox\/#organization","name":"FMKSTORE","url":"https:\/\/fmkstore.com\/sandbox\/","logo":{"@type":"ImageObject","inLanguage":"en-US","@id":"https:\/\/fmkstore.com\/sandbox\/#\/schema\/logo\/image\/","url":"https:\/\/fmkstore.com\/sandbox\/wp-content\/uploads\/2025\/10\/FMk-Stores-Purple-Logo-Mark-1.png","contentUrl":"https:\/\/fmkstore.com\/sandbox\/wp-content\/uploads\/2025\/10\/FMk-Stores-Purple-Logo-Mark-1.png","width":576,"height":720,"caption":"FMKSTORE"},"image":{"@id":"https:\/\/fmkstore.com\/sandbox\/#\/schema\/logo\/image\/"}}]}},"jetpack_sharing_enabled":true,"_links":{"self":[{"href":"https:\/\/fmkstore.com\/sandbox\/wp-json\/wp\/v2\/product\/1773","targetHints":{"allow":["GET"]}}],"collection":[{"href":"https:\/\/fmkstore.com\/sandbox\/wp-json\/wp\/v2\/product"}],"about":[{"href":"https:\/\/fmkstore.com\/sandbox\/wp-json\/wp\/v2\/types\/product"}],"replies":[{"embeddable":true,"href":"https:\/\/fmkstore.com\/sandbox\/wp-json\/wp\/v2\/comments?post=1773"}],"wp:featuredmedia":[{"embeddable":true,"href":"https:\/\/fmkstore.com\/sandbox\/wp-json\/wp\/v2\/media\/1774"}],"wp:attachment":[{"href":"https:\/\/fmkstore.com\/sandbox\/wp-json\/wp\/v2\/media?parent=1773"}],"wp:term":[{"taxonomy":"product_brand","embeddable":true,"href":"https:\/\/fmkstore.com\/sandbox\/wp-json\/wp\/v2\/product_brand?post=1773"},{"taxonomy":"product_cat","embeddable":true,"href":"https:\/\/fmkstore.com\/sandbox\/wp-json\/wp\/v2\/product_cat?post=1773"},{"taxonomy":"product_tag","embeddable":true,"href":"https:\/\/fmkstore.com\/sandbox\/wp-json\/wp\/v2\/product_tag?post=1773"}],"curies":[{"name":"wp","href":"https:\/\/api.w.org\/{rel}","templated":true}]}}