{"id":1769,"date":"2025-11-28T13:31:30","date_gmt":"2025-11-28T13:31:30","guid":{"rendered":"https:\/\/fmkstore.com\/sandbox\/?post_type=product&#038;p=1769"},"modified":"2025-12-24T07:09:36","modified_gmt":"2025-12-24T07:09:36","slug":"al-wataniah-special-oud-by-al-wataniah-2","status":"publish","type":"product","link":"https:\/\/fmkstore.com\/sandbox\/fr\/product\/al-wataniah-special-oud-by-al-wataniah-2\/","title":{"rendered":"Special Oud By Al Wataniah 50ml"},"content":{"rendered":"<p>Laissez-vous envo\u00fbter par notre gamme de parfums raffin\u00e9s. Chaque fragrance est soigneusement \u00e9labor\u00e9e pour une tenue longue dur\u00e9e et un caract\u00e8re unique, gr\u00e2ce \u00e0 un m\u00e9lange de senteurs captivantes qui ne manqueront pas de faire tourner les t\u00eates. Nos parfums sont compos\u00e9s d&#8217;ingr\u00e9dients de haute qualit\u00e9 et se d\u00e9clinent en une vari\u00e9t\u00e9 de senteurs pour s&#8217;adapter \u00e0 toutes les occasions, des plus subtiles et douces aux plus audacieuses et \u00e9pic\u00e9es. Notre collection offre un parfum pour chaque moment. Impressionnez-vous et impressionnez votre entourage avec nos parfums d&#8217;exception, au design m\u00e9morable. Notre collection de parfums raffin\u00e9s est infus\u00e9e d&#8217;ingr\u00e9dients de premi\u00e8re qualit\u00e9 et d&#8217;un m\u00e9lange d&#8217;ar\u00f4mes captivants qui laisseront une impression inoubliable. Notre gamme de senteurs s&#8217;accordera \u00e0 toutes vos envies et \u00e0 toutes les occasions, vous assurant une allure toujours confiante et \u00e9l\u00e9gante.<\/p>\n<p>Ce parfum laissera une empreinte ind\u00e9l\u00e9bile gr\u00e2ce \u00e0 sa fragrance exotique et envo\u00fbtante. De plus, nul besoin de se ruiner pour s&#8217;offrir ce parfum exquis.<\/p>\n","protected":false},"excerpt":{"rendered":"<p>Special Oud est un parfum luxueux qui allie \u00e0 la perfection des notes audacieuses, \u00e9pic\u00e9es et sucr\u00e9es.<\/p>\n<p>De ses notes de t\u00eate fruit\u00e9es et vibrantes \u00e0 son fond intense d&#8217;Oud et de Patchouli, chaque nuance laisse une impression inoubliable.<\/p>\n<p>Caract\u00e9ristiques principales<br \/>\nParfum Al Wataniah<br \/>\nEnivrant<br \/>\nFruit\u00e9<br \/>\nSenteur sucr\u00e9e<br \/>\nLongue tenue<br \/>\nEau de parfum<br \/>\nSillage agr\u00e9able<\/p>\n","protected":false},"featured_media":1770,"comment_status":"open","ping_status":"closed","template":"","meta":{"bwfblock_default_font":""},"product_brand":[],"product_cat":[320,324],"product_tag":[393,395],"class_list":{"0":"post-1769","1":"product","2":"type-product","3":"status-publish","4":"has-post-thumbnail","6":"product_cat-parfums-et-cologne","7":"product_cat-parfum","8":"product_tag-parfum","9":"product_tag-parfums-et-cologne","10":"product_shipping_class-medium-package","12":"first","13":"instock","14":"featured","15":"taxable","16":"shipping-taxable","17":"purchasable","18":"product-type-simple"},"yoast_head":"<!-- This site is optimized with the Yoast SEO plugin v26.8 - https:\/\/yoast.com\/product\/yoast-seo-wordpress\/ -->\n<title>Special Oud By Al Wataniah 50ml - FMK SANDBOX<\/title>\n<meta name=\"robots\" content=\"noindex, follow, max-snippet:-1, max-image-preview:large, max-video-preview:-1\" \/>\n<meta property=\"og:locale\" content=\"en_US\" \/>\n<meta property=\"og:type\" content=\"article\" \/>\n<meta property=\"og:title\" content=\"Special Oud By Al Wataniah 50ml - FMK SANDBOX\" \/>\n<meta property=\"og:description\" content=\"Special Oud est un parfum luxueux qui allie \u00e0 la perfection des notes audacieuses, \u00e9pic\u00e9es et sucr\u00e9es.  De ses notes de t\u00eate fruit\u00e9es et vibrantes \u00e0 son fond intense d&#039;Oud et de Patchouli, chaque nuance laisse une impression inoubliable.  Caract\u00e9ristiques principales Parfum Al Wataniah Enivrant Fruit\u00e9 Senteur sucr\u00e9e Longue tenue Eau de parfum Sillage agr\u00e9able\" \/>\n<meta property=\"og:url\" content=\"https:\/\/fmkstore.com\/sandbox\/fr\/product\/al-wataniah-special-oud-by-al-wataniah-2\/\" \/>\n<meta property=\"og:site_name\" content=\"FMK SANDBOX\" \/>\n<meta property=\"article:modified_time\" content=\"2025-12-24T07:09:36+00:00\" \/>\n<meta property=\"og:image\" content=\"https:\/\/fmkstore.com\/sandbox\/wp-content\/uploads\/2025\/11\/al-wataniah-021457ww-2.webp\" \/>\n\t<meta property=\"og:image:width\" content=\"488\" \/>\n\t<meta property=\"og:image:height\" content=\"488\" \/>\n\t<meta property=\"og:image:type\" content=\"image\/webp\" \/>\n<meta name=\"twitter:card\" content=\"summary_large_image\" \/>\n<meta name=\"twitter:label1\" content=\"Est. reading time\" \/>\n\t<meta name=\"twitter:data1\" content=\"1 minute\" \/>\n<script type=\"application\/ld+json\" class=\"yoast-schema-graph\">{\"@context\":\"https:\/\/schema.org\",\"@graph\":[{\"@type\":\"WebPage\",\"@id\":\"https:\/\/fmkstore.com\/sandbox\/fr\/product\/al-wataniah-special-oud-by-al-wataniah-2\/\",\"url\":\"https:\/\/fmkstore.com\/sandbox\/fr\/product\/al-wataniah-special-oud-by-al-wataniah-2\/\",\"name\":\"Special Oud By Al Wataniah 50ml - FMK SANDBOX\",\"isPartOf\":{\"@id\":\"https:\/\/fmkstore.com\/sandbox\/#website\"},\"primaryImageOfPage\":{\"@id\":\"https:\/\/fmkstore.com\/sandbox\/fr\/product\/al-wataniah-special-oud-by-al-wataniah-2\/#primaryimage\"},\"image\":{\"@id\":\"https:\/\/fmkstore.com\/sandbox\/fr\/product\/al-wataniah-special-oud-by-al-wataniah-2\/#primaryimage\"},\"thumbnailUrl\":\"https:\/\/fmkstore.com\/sandbox\/wp-content\/uploads\/2025\/11\/al-wataniah-021457ww-2.webp\",\"datePublished\":\"2025-11-28T13:31:30+00:00\",\"dateModified\":\"2025-12-24T07:09:36+00:00\",\"breadcrumb\":{\"@id\":\"https:\/\/fmkstore.com\/sandbox\/fr\/product\/al-wataniah-special-oud-by-al-wataniah-2\/#breadcrumb\"},\"inLanguage\":\"en-US\",\"potentialAction\":[{\"@type\":\"ReadAction\",\"target\":[\"https:\/\/fmkstore.com\/sandbox\/fr\/product\/al-wataniah-special-oud-by-al-wataniah-2\/\"]}]},{\"@type\":\"ImageObject\",\"inLanguage\":\"en-US\",\"@id\":\"https:\/\/fmkstore.com\/sandbox\/fr\/product\/al-wataniah-special-oud-by-al-wataniah-2\/#primaryimage\",\"url\":\"https:\/\/fmkstore.com\/sandbox\/wp-content\/uploads\/2025\/11\/al-wataniah-021457ww-2.webp\",\"contentUrl\":\"https:\/\/fmkstore.com\/sandbox\/wp-content\/uploads\/2025\/11\/al-wataniah-021457ww-2.webp\",\"width\":488,\"height\":488},{\"@type\":\"BreadcrumbList\",\"@id\":\"https:\/\/fmkstore.com\/sandbox\/fr\/product\/al-wataniah-special-oud-by-al-wataniah-2\/#breadcrumb\",\"itemListElement\":[{\"@type\":\"ListItem\",\"position\":1,\"name\":\"Home\",\"item\":\"https:\/\/fmkstore.com\/sandbox\/en\/\"},{\"@type\":\"ListItem\",\"position\":2,\"name\":\"shop\",\"item\":\"https:\/\/fmkstore.com\/sandbox\/en\/shop-2\/\"},{\"@type\":\"ListItem\",\"position\":3,\"name\":\"Special Oud By Al Wataniah 50ml\"}]},{\"@type\":\"WebSite\",\"@id\":\"https:\/\/fmkstore.com\/sandbox\/#website\",\"url\":\"https:\/\/fmkstore.com\/sandbox\/\",\"name\":\"FMKSTORE\",\"description\":\"Style for Your Life, Solutions for Your Drive.\",\"publisher\":{\"@id\":\"https:\/\/fmkstore.com\/sandbox\/#organization\"},\"potentialAction\":[{\"@type\":\"SearchAction\",\"target\":{\"@type\":\"EntryPoint\",\"urlTemplate\":\"https:\/\/fmkstore.com\/sandbox\/?s={search_term_string}\"},\"query-input\":{\"@type\":\"PropertyValueSpecification\",\"valueRequired\":true,\"valueName\":\"search_term_string\"}}],\"inLanguage\":\"en-US\"},{\"@type\":\"Organization\",\"@id\":\"https:\/\/fmkstore.com\/sandbox\/#organization\",\"name\":\"FMKSTORE\",\"url\":\"https:\/\/fmkstore.com\/sandbox\/\",\"logo\":{\"@type\":\"ImageObject\",\"inLanguage\":\"en-US\",\"@id\":\"https:\/\/fmkstore.com\/sandbox\/#\/schema\/logo\/image\/\",\"url\":\"https:\/\/fmkstore.com\/sandbox\/wp-content\/uploads\/2025\/10\/FMk-Stores-Purple-Logo-Mark-1.png\",\"contentUrl\":\"https:\/\/fmkstore.com\/sandbox\/wp-content\/uploads\/2025\/10\/FMk-Stores-Purple-Logo-Mark-1.png\",\"width\":576,\"height\":720,\"caption\":\"FMKSTORE\"},\"image\":{\"@id\":\"https:\/\/fmkstore.com\/sandbox\/#\/schema\/logo\/image\/\"}}]}<\/script>\n<!-- \/ Yoast SEO plugin. -->","yoast_head_json":{"title":"Special Oud By Al Wataniah 50ml - FMK SANDBOX","robots":{"index":"noindex","follow":"follow","max-snippet":"max-snippet:-1","max-image-preview":"max-image-preview:large","max-video-preview":"max-video-preview:-1"},"og_locale":"en_US","og_type":"article","og_title":"Special Oud By Al Wataniah 50ml - FMK SANDBOX","og_description":"Special Oud est un parfum luxueux qui allie \u00e0 la perfection des notes audacieuses, \u00e9pic\u00e9es et sucr\u00e9es.  De ses notes de t\u00eate fruit\u00e9es et vibrantes \u00e0 son fond intense d'Oud et de Patchouli, chaque nuance laisse une impression inoubliable.  Caract\u00e9ristiques principales Parfum Al Wataniah Enivrant Fruit\u00e9 Senteur sucr\u00e9e Longue tenue Eau de parfum Sillage agr\u00e9able","og_url":"https:\/\/fmkstore.com\/sandbox\/fr\/product\/al-wataniah-special-oud-by-al-wataniah-2\/","og_site_name":"FMK SANDBOX","article_modified_time":"2025-12-24T07:09:36+00:00","og_image":[{"width":488,"height":488,"url":"https:\/\/fmkstore.com\/sandbox\/wp-content\/uploads\/2025\/11\/al-wataniah-021457ww-2.webp","type":"image\/webp"}],"twitter_card":"summary_large_image","twitter_misc":{"Est. reading time":"1 minute"},"schema":{"@context":"https:\/\/schema.org","@graph":[{"@type":"WebPage","@id":"https:\/\/fmkstore.com\/sandbox\/fr\/product\/al-wataniah-special-oud-by-al-wataniah-2\/","url":"https:\/\/fmkstore.com\/sandbox\/fr\/product\/al-wataniah-special-oud-by-al-wataniah-2\/","name":"Special Oud By Al Wataniah 50ml - FMK SANDBOX","isPartOf":{"@id":"https:\/\/fmkstore.com\/sandbox\/#website"},"primaryImageOfPage":{"@id":"https:\/\/fmkstore.com\/sandbox\/fr\/product\/al-wataniah-special-oud-by-al-wataniah-2\/#primaryimage"},"image":{"@id":"https:\/\/fmkstore.com\/sandbox\/fr\/product\/al-wataniah-special-oud-by-al-wataniah-2\/#primaryimage"},"thumbnailUrl":"https:\/\/fmkstore.com\/sandbox\/wp-content\/uploads\/2025\/11\/al-wataniah-021457ww-2.webp","datePublished":"2025-11-28T13:31:30+00:00","dateModified":"2025-12-24T07:09:36+00:00","breadcrumb":{"@id":"https:\/\/fmkstore.com\/sandbox\/fr\/product\/al-wataniah-special-oud-by-al-wataniah-2\/#breadcrumb"},"inLanguage":"en-US","potentialAction":[{"@type":"ReadAction","target":["https:\/\/fmkstore.com\/sandbox\/fr\/product\/al-wataniah-special-oud-by-al-wataniah-2\/"]}]},{"@type":"ImageObject","inLanguage":"en-US","@id":"https:\/\/fmkstore.com\/sandbox\/fr\/product\/al-wataniah-special-oud-by-al-wataniah-2\/#primaryimage","url":"https:\/\/fmkstore.com\/sandbox\/wp-content\/uploads\/2025\/11\/al-wataniah-021457ww-2.webp","contentUrl":"https:\/\/fmkstore.com\/sandbox\/wp-content\/uploads\/2025\/11\/al-wataniah-021457ww-2.webp","width":488,"height":488},{"@type":"BreadcrumbList","@id":"https:\/\/fmkstore.com\/sandbox\/fr\/product\/al-wataniah-special-oud-by-al-wataniah-2\/#breadcrumb","itemListElement":[{"@type":"ListItem","position":1,"name":"Home","item":"https:\/\/fmkstore.com\/sandbox\/en\/"},{"@type":"ListItem","position":2,"name":"shop","item":"https:\/\/fmkstore.com\/sandbox\/en\/shop-2\/"},{"@type":"ListItem","position":3,"name":"Special Oud By Al Wataniah 50ml"}]},{"@type":"WebSite","@id":"https:\/\/fmkstore.com\/sandbox\/#website","url":"https:\/\/fmkstore.com\/sandbox\/","name":"FMKSTORE","description":"Style for Your Life, Solutions for Your Drive.","publisher":{"@id":"https:\/\/fmkstore.com\/sandbox\/#organization"},"potentialAction":[{"@type":"SearchAction","target":{"@type":"EntryPoint","urlTemplate":"https:\/\/fmkstore.com\/sandbox\/?s={search_term_string}"},"query-input":{"@type":"PropertyValueSpecification","valueRequired":true,"valueName":"search_term_string"}}],"inLanguage":"en-US"},{"@type":"Organization","@id":"https:\/\/fmkstore.com\/sandbox\/#organization","name":"FMKSTORE","url":"https:\/\/fmkstore.com\/sandbox\/","logo":{"@type":"ImageObject","inLanguage":"en-US","@id":"https:\/\/fmkstore.com\/sandbox\/#\/schema\/logo\/image\/","url":"https:\/\/fmkstore.com\/sandbox\/wp-content\/uploads\/2025\/10\/FMk-Stores-Purple-Logo-Mark-1.png","contentUrl":"https:\/\/fmkstore.com\/sandbox\/wp-content\/uploads\/2025\/10\/FMk-Stores-Purple-Logo-Mark-1.png","width":576,"height":720,"caption":"FMKSTORE"},"image":{"@id":"https:\/\/fmkstore.com\/sandbox\/#\/schema\/logo\/image\/"}}]}},"jetpack_sharing_enabled":true,"_links":{"self":[{"href":"https:\/\/fmkstore.com\/sandbox\/wp-json\/wp\/v2\/product\/1769","targetHints":{"allow":["GET"]}}],"collection":[{"href":"https:\/\/fmkstore.com\/sandbox\/wp-json\/wp\/v2\/product"}],"about":[{"href":"https:\/\/fmkstore.com\/sandbox\/wp-json\/wp\/v2\/types\/product"}],"replies":[{"embeddable":true,"href":"https:\/\/fmkstore.com\/sandbox\/wp-json\/wp\/v2\/comments?post=1769"}],"wp:featuredmedia":[{"embeddable":true,"href":"https:\/\/fmkstore.com\/sandbox\/wp-json\/wp\/v2\/media\/1770"}],"wp:attachment":[{"href":"https:\/\/fmkstore.com\/sandbox\/wp-json\/wp\/v2\/media?parent=1769"}],"wp:term":[{"taxonomy":"product_brand","embeddable":true,"href":"https:\/\/fmkstore.com\/sandbox\/wp-json\/wp\/v2\/product_brand?post=1769"},{"taxonomy":"product_cat","embeddable":true,"href":"https:\/\/fmkstore.com\/sandbox\/wp-json\/wp\/v2\/product_cat?post=1769"},{"taxonomy":"product_tag","embeddable":true,"href":"https:\/\/fmkstore.com\/sandbox\/wp-json\/wp\/v2\/product_tag?post=1769"}],"curies":[{"name":"wp","href":"https:\/\/api.w.org\/{rel}","templated":true}]}}