{"id":1581,"date":"2025-11-12T14:13:45","date_gmt":"2025-11-12T14:13:45","guid":{"rendered":"https:\/\/fmkstore.com\/sandbox\/?post_type=product&#038;p=1581"},"modified":"2026-01-01T08:01:45","modified_gmt":"2026-01-01T08:01:45","slug":"1581","status":"publish","type":"product","link":"https:\/\/fmkstore.com\/sandbox\/fr\/product\/1581\/","title":{"rendered":"NIVEA MEN DEEP ANTIPERSPIRANT ROLL-ON"},"content":{"rendered":"<p>L&#8217;anti-transpirant NIVEA MEN Deep prot\u00e8ge la peau de la transpiration et des germes pour une sensation de fra\u00eecheur longue dur\u00e9e et une peau propre, comme apr\u00e8s la douche. Sa formule efficace au charbon actif agit efficacement contre les germes et est compl\u00e9t\u00e9e par un parfum bois\u00e9 et masculin moderne, pour une sensation de confiance et de fra\u00eecheur.<\/p>\n<p>Liste des ingr\u00e9dients :<\/p>\n<p>Aqua, chlorhydrate d&#8217;aluminium, \u00e9ther st\u00e9arylique PPG-15, st\u00e9areth-2, st\u00e9areth-21, parfum, huile de Persea Gratissima, poudre de charbon, EDTA trisodique, BHT, linalol, limon\u00e8ne, citronellol, alpha-isom\u00e9thyl ionone, g\u00e9raniol<\/p>\n<p><img loading=\"lazy\" decoding=\"async\" class=\"alignnone size-medium wp-image-1583\" src=\"https:\/\/fmkstore.com\/sandbox\/wp-content\/uploads\/2025\/11\/12195bb1f8594e7f9329a46fbad885be-web_1010x1180_transparent_png-428x500.webp\" alt=\"\" width=\"428\" height=\"500\" srcset=\"https:\/\/fmkstore.com\/sandbox\/wp-content\/uploads\/2025\/11\/12195bb1f8594e7f9329a46fbad885be-web_1010x1180_transparent_png-428x500.webp 428w, https:\/\/fmkstore.com\/sandbox\/wp-content\/uploads\/2025\/11\/12195bb1f8594e7f9329a46fbad885be-web_1010x1180_transparent_png-257x300.webp 257w, https:\/\/fmkstore.com\/sandbox\/wp-content\/uploads\/2025\/11\/12195bb1f8594e7f9329a46fbad885be-web_1010x1180_transparent_png-64x75.webp 64w\" sizes=\"auto, (max-width:767px) 428px, 428px\" \/> <img loading=\"lazy\" decoding=\"async\" class=\"alignnone size-medium wp-image-1584\" src=\"https:\/\/fmkstore.com\/sandbox\/wp-content\/uploads\/2025\/11\/e74eca7506284018a6e0636242b463f4-web_1010x1180_transparent_png-1-428x500.webp\" alt=\"\" width=\"428\" height=\"500\" srcset=\"https:\/\/fmkstore.com\/sandbox\/wp-content\/uploads\/2025\/11\/e74eca7506284018a6e0636242b463f4-web_1010x1180_transparent_png-1-428x500.webp 428w, https:\/\/fmkstore.com\/sandbox\/wp-content\/uploads\/2025\/11\/e74eca7506284018a6e0636242b463f4-web_1010x1180_transparent_png-1-257x300.webp 257w, https:\/\/fmkstore.com\/sandbox\/wp-content\/uploads\/2025\/11\/e74eca7506284018a6e0636242b463f4-web_1010x1180_transparent_png-1-64x75.webp 64w\" sizes=\"auto, (max-width:767px) 428px, 428px\" \/> <img loading=\"lazy\" decoding=\"async\" class=\"alignnone size-medium wp-image-1585\" src=\"https:\/\/fmkstore.com\/sandbox\/wp-content\/uploads\/2025\/11\/f759d869a4284c0aba6c06083d8cd8cc-web_1010x1180_transparent_png-1-428x500.webp\" alt=\"\" width=\"428\" height=\"500\" srcset=\"https:\/\/fmkstore.com\/sandbox\/wp-content\/uploads\/2025\/11\/f759d869a4284c0aba6c06083d8cd8cc-web_1010x1180_transparent_png-1-428x500.webp 428w, https:\/\/fmkstore.com\/sandbox\/wp-content\/uploads\/2025\/11\/f759d869a4284c0aba6c06083d8cd8cc-web_1010x1180_transparent_png-1-257x300.webp 257w, https:\/\/fmkstore.com\/sandbox\/wp-content\/uploads\/2025\/11\/f759d869a4284c0aba6c06083d8cd8cc-web_1010x1180_transparent_png-1-64x75.webp 64w\" sizes=\"auto, (max-width:767px) 428px, 428px\" \/><\/p>\n","protected":false},"excerpt":{"rendered":"<p>L&#8217;anti-transpirant NIVEA MEN Deep prot\u00e8ge la peau de la transpiration et des germes pour une sensation de fra\u00eecheur longue dur\u00e9e et une peau propre, comme apr\u00e8s<span class=\"excerpt-hellip\"> [\u2026]<\/span><\/p>\n","protected":false},"featured_media":1582,"comment_status":"open","ping_status":"closed","template":"","meta":{"bwfblock_default_font":""},"product_brand":[518],"product_cat":[979,320],"product_tag":[523],"class_list":{"0":"post-1581","1":"product","2":"type-product","3":"status-publish","4":"has-post-thumbnail","6":"product_brand-nivea-fr","7":"product_cat-deodorants-fr","8":"product_cat-parfums-et-cologne","9":"product_tag-nivea-fr","10":"product_shipping_class-simple-package","12":"first","13":"instock","14":"featured","15":"purchasable","16":"product-type-simple"},"yoast_head":"<!-- This site is optimized with the Yoast SEO plugin v26.8 - https:\/\/yoast.com\/product\/yoast-seo-wordpress\/ -->\n<title>NIVEA MEN DEEP ANTIPERSPIRANT ROLL-ON - FMK SANDBOX<\/title>\n<meta name=\"robots\" content=\"noindex, follow, max-snippet:-1, max-image-preview:large, max-video-preview:-1\" \/>\n<meta property=\"og:locale\" content=\"en_US\" \/>\n<meta property=\"og:type\" content=\"article\" \/>\n<meta property=\"og:title\" content=\"NIVEA MEN DEEP ANTIPERSPIRANT ROLL-ON - FMK SANDBOX\" \/>\n<meta property=\"og:description\" content=\"L&#8217;anti-transpirant NIVEA MEN Deep prot\u00e8ge la peau de la transpiration et des germes pour une sensation de fra\u00eecheur longue dur\u00e9e et une peau propre, comme apr\u00e8s [\u2026]\" \/>\n<meta property=\"og:url\" content=\"https:\/\/fmkstore.com\/sandbox\/fr\/product\/1581\/\" \/>\n<meta property=\"og:site_name\" content=\"FMK SANDBOX\" \/>\n<meta property=\"article:modified_time\" content=\"2026-01-01T08:01:45+00:00\" \/>\n<meta property=\"og:image\" content=\"https:\/\/fmkstore.com\/sandbox\/wp-content\/uploads\/2025\/11\/366161-web_1010x1180_transparent_png.webp\" \/>\n\t<meta property=\"og:image:width\" content=\"960\" \/>\n\t<meta property=\"og:image:height\" content=\"1122\" \/>\n\t<meta property=\"og:image:type\" content=\"image\/webp\" \/>\n<meta name=\"twitter:card\" content=\"summary_large_image\" \/>\n<script type=\"application\/ld+json\" class=\"yoast-schema-graph\">{\"@context\":\"https:\/\/schema.org\",\"@graph\":[{\"@type\":\"WebPage\",\"@id\":\"https:\/\/fmkstore.com\/sandbox\/fr\/product\/1581\/\",\"url\":\"https:\/\/fmkstore.com\/sandbox\/fr\/product\/1581\/\",\"name\":\"NIVEA MEN DEEP ANTIPERSPIRANT ROLL-ON - FMK SANDBOX\",\"isPartOf\":{\"@id\":\"https:\/\/fmkstore.com\/sandbox\/#website\"},\"primaryImageOfPage\":{\"@id\":\"https:\/\/fmkstore.com\/sandbox\/fr\/product\/1581\/#primaryimage\"},\"image\":{\"@id\":\"https:\/\/fmkstore.com\/sandbox\/fr\/product\/1581\/#primaryimage\"},\"thumbnailUrl\":\"https:\/\/fmkstore.com\/sandbox\/wp-content\/uploads\/2025\/11\/366161-web_1010x1180_transparent_png.webp\",\"datePublished\":\"2025-11-12T14:13:45+00:00\",\"dateModified\":\"2026-01-01T08:01:45+00:00\",\"breadcrumb\":{\"@id\":\"https:\/\/fmkstore.com\/sandbox\/fr\/product\/1581\/#breadcrumb\"},\"inLanguage\":\"en-US\",\"potentialAction\":[{\"@type\":\"ReadAction\",\"target\":[\"https:\/\/fmkstore.com\/sandbox\/fr\/product\/1581\/\"]}]},{\"@type\":\"ImageObject\",\"inLanguage\":\"en-US\",\"@id\":\"https:\/\/fmkstore.com\/sandbox\/fr\/product\/1581\/#primaryimage\",\"url\":\"https:\/\/fmkstore.com\/sandbox\/wp-content\/uploads\/2025\/11\/366161-web_1010x1180_transparent_png.webp\",\"contentUrl\":\"https:\/\/fmkstore.com\/sandbox\/wp-content\/uploads\/2025\/11\/366161-web_1010x1180_transparent_png.webp\",\"width\":960,\"height\":1122},{\"@type\":\"BreadcrumbList\",\"@id\":\"https:\/\/fmkstore.com\/sandbox\/fr\/product\/1581\/#breadcrumb\",\"itemListElement\":[{\"@type\":\"ListItem\",\"position\":1,\"name\":\"Home\",\"item\":\"https:\/\/fmkstore.com\/sandbox\/en\/\"},{\"@type\":\"ListItem\",\"position\":2,\"name\":\"shop\",\"item\":\"https:\/\/fmkstore.com\/sandbox\/en\/shop-2\/\"},{\"@type\":\"ListItem\",\"position\":3,\"name\":\"NIVEA MEN DEEP ANTIPERSPIRANT ROLL-ON\"}]},{\"@type\":\"WebSite\",\"@id\":\"https:\/\/fmkstore.com\/sandbox\/#website\",\"url\":\"https:\/\/fmkstore.com\/sandbox\/\",\"name\":\"FMKSTORE\",\"description\":\"Style for Your Life, Solutions for Your Drive.\",\"publisher\":{\"@id\":\"https:\/\/fmkstore.com\/sandbox\/#organization\"},\"potentialAction\":[{\"@type\":\"SearchAction\",\"target\":{\"@type\":\"EntryPoint\",\"urlTemplate\":\"https:\/\/fmkstore.com\/sandbox\/?s={search_term_string}\"},\"query-input\":{\"@type\":\"PropertyValueSpecification\",\"valueRequired\":true,\"valueName\":\"search_term_string\"}}],\"inLanguage\":\"en-US\"},{\"@type\":\"Organization\",\"@id\":\"https:\/\/fmkstore.com\/sandbox\/#organization\",\"name\":\"FMKSTORE\",\"url\":\"https:\/\/fmkstore.com\/sandbox\/\",\"logo\":{\"@type\":\"ImageObject\",\"inLanguage\":\"en-US\",\"@id\":\"https:\/\/fmkstore.com\/sandbox\/#\/schema\/logo\/image\/\",\"url\":\"https:\/\/fmkstore.com\/sandbox\/wp-content\/uploads\/2025\/10\/FMk-Stores-Purple-Logo-Mark-1.png\",\"contentUrl\":\"https:\/\/fmkstore.com\/sandbox\/wp-content\/uploads\/2025\/10\/FMk-Stores-Purple-Logo-Mark-1.png\",\"width\":576,\"height\":720,\"caption\":\"FMKSTORE\"},\"image\":{\"@id\":\"https:\/\/fmkstore.com\/sandbox\/#\/schema\/logo\/image\/\"}}]}<\/script>\n<!-- \/ Yoast SEO plugin. -->","yoast_head_json":{"title":"NIVEA MEN DEEP ANTIPERSPIRANT ROLL-ON - FMK SANDBOX","robots":{"index":"noindex","follow":"follow","max-snippet":"max-snippet:-1","max-image-preview":"max-image-preview:large","max-video-preview":"max-video-preview:-1"},"og_locale":"en_US","og_type":"article","og_title":"NIVEA MEN DEEP ANTIPERSPIRANT ROLL-ON - FMK SANDBOX","og_description":"L&#8217;anti-transpirant NIVEA MEN Deep prot\u00e8ge la peau de la transpiration et des germes pour une sensation de fra\u00eecheur longue dur\u00e9e et une peau propre, comme apr\u00e8s [\u2026]","og_url":"https:\/\/fmkstore.com\/sandbox\/fr\/product\/1581\/","og_site_name":"FMK SANDBOX","article_modified_time":"2026-01-01T08:01:45+00:00","og_image":[{"width":960,"height":1122,"url":"https:\/\/fmkstore.com\/sandbox\/wp-content\/uploads\/2025\/11\/366161-web_1010x1180_transparent_png.webp","type":"image\/webp"}],"twitter_card":"summary_large_image","schema":{"@context":"https:\/\/schema.org","@graph":[{"@type":"WebPage","@id":"https:\/\/fmkstore.com\/sandbox\/fr\/product\/1581\/","url":"https:\/\/fmkstore.com\/sandbox\/fr\/product\/1581\/","name":"NIVEA MEN DEEP ANTIPERSPIRANT ROLL-ON - FMK SANDBOX","isPartOf":{"@id":"https:\/\/fmkstore.com\/sandbox\/#website"},"primaryImageOfPage":{"@id":"https:\/\/fmkstore.com\/sandbox\/fr\/product\/1581\/#primaryimage"},"image":{"@id":"https:\/\/fmkstore.com\/sandbox\/fr\/product\/1581\/#primaryimage"},"thumbnailUrl":"https:\/\/fmkstore.com\/sandbox\/wp-content\/uploads\/2025\/11\/366161-web_1010x1180_transparent_png.webp","datePublished":"2025-11-12T14:13:45+00:00","dateModified":"2026-01-01T08:01:45+00:00","breadcrumb":{"@id":"https:\/\/fmkstore.com\/sandbox\/fr\/product\/1581\/#breadcrumb"},"inLanguage":"en-US","potentialAction":[{"@type":"ReadAction","target":["https:\/\/fmkstore.com\/sandbox\/fr\/product\/1581\/"]}]},{"@type":"ImageObject","inLanguage":"en-US","@id":"https:\/\/fmkstore.com\/sandbox\/fr\/product\/1581\/#primaryimage","url":"https:\/\/fmkstore.com\/sandbox\/wp-content\/uploads\/2025\/11\/366161-web_1010x1180_transparent_png.webp","contentUrl":"https:\/\/fmkstore.com\/sandbox\/wp-content\/uploads\/2025\/11\/366161-web_1010x1180_transparent_png.webp","width":960,"height":1122},{"@type":"BreadcrumbList","@id":"https:\/\/fmkstore.com\/sandbox\/fr\/product\/1581\/#breadcrumb","itemListElement":[{"@type":"ListItem","position":1,"name":"Home","item":"https:\/\/fmkstore.com\/sandbox\/en\/"},{"@type":"ListItem","position":2,"name":"shop","item":"https:\/\/fmkstore.com\/sandbox\/en\/shop-2\/"},{"@type":"ListItem","position":3,"name":"NIVEA MEN DEEP ANTIPERSPIRANT ROLL-ON"}]},{"@type":"WebSite","@id":"https:\/\/fmkstore.com\/sandbox\/#website","url":"https:\/\/fmkstore.com\/sandbox\/","name":"FMKSTORE","description":"Style for Your Life, Solutions for Your Drive.","publisher":{"@id":"https:\/\/fmkstore.com\/sandbox\/#organization"},"potentialAction":[{"@type":"SearchAction","target":{"@type":"EntryPoint","urlTemplate":"https:\/\/fmkstore.com\/sandbox\/?s={search_term_string}"},"query-input":{"@type":"PropertyValueSpecification","valueRequired":true,"valueName":"search_term_string"}}],"inLanguage":"en-US"},{"@type":"Organization","@id":"https:\/\/fmkstore.com\/sandbox\/#organization","name":"FMKSTORE","url":"https:\/\/fmkstore.com\/sandbox\/","logo":{"@type":"ImageObject","inLanguage":"en-US","@id":"https:\/\/fmkstore.com\/sandbox\/#\/schema\/logo\/image\/","url":"https:\/\/fmkstore.com\/sandbox\/wp-content\/uploads\/2025\/10\/FMk-Stores-Purple-Logo-Mark-1.png","contentUrl":"https:\/\/fmkstore.com\/sandbox\/wp-content\/uploads\/2025\/10\/FMk-Stores-Purple-Logo-Mark-1.png","width":576,"height":720,"caption":"FMKSTORE"},"image":{"@id":"https:\/\/fmkstore.com\/sandbox\/#\/schema\/logo\/image\/"}}]}},"jetpack_sharing_enabled":true,"_links":{"self":[{"href":"https:\/\/fmkstore.com\/sandbox\/wp-json\/wp\/v2\/product\/1581","targetHints":{"allow":["GET"]}}],"collection":[{"href":"https:\/\/fmkstore.com\/sandbox\/wp-json\/wp\/v2\/product"}],"about":[{"href":"https:\/\/fmkstore.com\/sandbox\/wp-json\/wp\/v2\/types\/product"}],"replies":[{"embeddable":true,"href":"https:\/\/fmkstore.com\/sandbox\/wp-json\/wp\/v2\/comments?post=1581"}],"wp:featuredmedia":[{"embeddable":true,"href":"https:\/\/fmkstore.com\/sandbox\/wp-json\/wp\/v2\/media\/1582"}],"wp:attachment":[{"href":"https:\/\/fmkstore.com\/sandbox\/wp-json\/wp\/v2\/media?parent=1581"}],"wp:term":[{"taxonomy":"product_brand","embeddable":true,"href":"https:\/\/fmkstore.com\/sandbox\/wp-json\/wp\/v2\/product_brand?post=1581"},{"taxonomy":"product_cat","embeddable":true,"href":"https:\/\/fmkstore.com\/sandbox\/wp-json\/wp\/v2\/product_cat?post=1581"},{"taxonomy":"product_tag","embeddable":true,"href":"https:\/\/fmkstore.com\/sandbox\/wp-json\/wp\/v2\/product_tag?post=1581"}],"curies":[{"name":"wp","href":"https:\/\/api.w.org\/{rel}","templated":true}]}}