{"id":2874,"date":"2026-01-04T19:30:39","date_gmt":"2026-01-04T19:30:39","guid":{"rendered":"https:\/\/fmkstore.com\/sandbox\/?page_id=2874"},"modified":"2026-01-04T19:30:44","modified_gmt":"2026-01-04T19:30:44","slug":"portail-des-recompenses","status":"publish","type":"page","link":"https:\/\/fmkstore.com\/sandbox\/fr\/portail-des-recompenses\/","title":{"rendered":"Portail des R\u00e9compenses"},"content":{"rendered":"\n<h3 class=\"wp-block-heading\">Guide du Joueur FMK<\/h3>\n\n\n\n<p>Am\u00e9liorez votre style. R\u00e9clamez vos r\u00e9compenses.<\/p>\n\n\n\n<p>Bienvenue dans le Cercle Int\u00e9rieur. Sur la Boutique FMK, vous ne faites pas que du shopping&nbsp;; vous progressez. Chaque interaction vous rapproche de r\u00e9compenses exclusives, de kits en \u00e9dition limit\u00e9e et du prestige du Rang Or.<\/p>\n\n\n\n<p>Comment gagner des Pi\u00e8ces FMK<\/p>\n\n\n\n<p>Le Butin Quotidien&nbsp;: Ouvrez le Coffre Myst\u00e8re toutes les 24&nbsp;heures pour obtenir des pi\u00e8ces instantan\u00e9ment.<\/p>\n\n\n\n<p>La Qu\u00eate de Vision&nbsp;: Compl\u00e9tez votre profil pour d\u00e9bloquer le Badge Argent.<\/p>\n\n\n\n<p>La B\u00e9n\u00e9diction de la Communaut\u00e9&nbsp;: Partagez votre derni\u00e8re tenue FMK sur les r\u00e9seaux sociaux avec le hashtag #FMKStore2026 pour recevoir des codes secrets.<\/p>\n\n\n\n<p>Missions de la Boutique&nbsp;: Chaque achat vous rapporte 10&nbsp;% en Pi\u00e8ces FMK.<\/p>\n\n\n\n<p>Progression de Rang<\/p>\n\n\n\n<p>VISITEUR (Invit\u00e9)&nbsp;: Vous \u00eates rep\u00e9r\u00e9(e). Commencez votre aventure en cr\u00e9ant un compte.<\/p>\n\n\n\n<p>Rang Argent (Niv. 1-2)&nbsp;: Acc\u00e9dez en avant-premi\u00e8re aux pr\u00e9commandes et aux \u00ab&nbsp;Butins Ombre&nbsp;\u00bb secrets.<\/p>\n\n\n\n<p>RANG OR (Niv. 3+)&nbsp;: Le summum du prestige. Kits FMK gratuits, codes de r\u00e9duction personnalis\u00e9s et statut VIP pour nos \u00e9v\u00e9nements.<\/p>\n\n\n\n<p>Votre prochaine mission&nbsp;:<\/p>\n\n\n\n<p>Consultez votre interface de jeu en haut de l\u2019\u00e9cran. La barre de progression indique votre avancement vers votre prochaine r\u00e9compense.<\/p>\n\n\n\n<p>\u00ab&nbsp;Car je connais les projets que j\u2019ai form\u00e9s pour vous\u2026&nbsp;\u00bb \u2014 Votre style a un sens. Bienvenue dans le futur de la communaut\u00e9 FMK.<\/p>\n","protected":false},"excerpt":{"rendered":"<p>Guide du Joueur FMK Am\u00e9liorez votre style. R\u00e9clamez vos r\u00e9compenses. Bienvenue dans le Cercle Int\u00e9rieur. Sur la Boutique FMK, vous ne faites pas que du shopping&nbsp;;<span class=\"excerpt-hellip\"> [\u2026]<\/span><\/p>\n","protected":false},"author":1,"featured_media":0,"parent":0,"menu_order":0,"comment_status":"closed","ping_status":"closed","template":"","meta":{"bwfblock_default_font":"","footnotes":""},"class_list":["post-2874","page","type-page","status-publish","hentry"],"yoast_head":"<!-- This site is optimized with the Yoast SEO plugin v26.8 - https:\/\/yoast.com\/product\/yoast-seo-wordpress\/ -->\n<title>Portail des R\u00e9compenses - FMK SANDBOX<\/title>\n<meta name=\"robots\" content=\"noindex, follow, max-snippet:-1, max-image-preview:large, max-video-preview:-1\" \/>\n<meta property=\"og:locale\" content=\"en_US\" \/>\n<meta property=\"og:type\" content=\"article\" \/>\n<meta property=\"og:title\" content=\"Portail des R\u00e9compenses - FMK SANDBOX\" \/>\n<meta property=\"og:description\" content=\"Guide du Joueur FMK Am\u00e9liorez votre style. R\u00e9clamez vos r\u00e9compenses. Bienvenue dans le Cercle Int\u00e9rieur. Sur la Boutique FMK, vous ne faites pas que du shopping&nbsp;; [\u2026]\" \/>\n<meta property=\"og:url\" content=\"https:\/\/fmkstore.com\/sandbox\/fr\/portail-des-recompenses\/\" \/>\n<meta property=\"og:site_name\" content=\"FMK SANDBOX\" \/>\n<meta property=\"article:modified_time\" content=\"2026-01-04T19:30:44+00:00\" \/>\n<meta name=\"twitter:card\" content=\"summary_large_image\" \/>\n<meta name=\"twitter:label1\" content=\"Est. reading time\" \/>\n\t<meta name=\"twitter:data1\" content=\"1 minute\" \/>\n<script type=\"application\/ld+json\" class=\"yoast-schema-graph\">{\"@context\":\"https:\/\/schema.org\",\"@graph\":[{\"@type\":\"WebPage\",\"@id\":\"https:\/\/fmkstore.com\/sandbox\/fr\/portail-des-recompenses\/\",\"url\":\"https:\/\/fmkstore.com\/sandbox\/fr\/portail-des-recompenses\/\",\"name\":\"Portail des R\u00e9compenses - FMK SANDBOX\",\"isPartOf\":{\"@id\":\"https:\/\/fmkstore.com\/sandbox\/#website\"},\"datePublished\":\"2026-01-04T19:30:39+00:00\",\"dateModified\":\"2026-01-04T19:30:44+00:00\",\"breadcrumb\":{\"@id\":\"https:\/\/fmkstore.com\/sandbox\/fr\/portail-des-recompenses\/#breadcrumb\"},\"inLanguage\":\"en-US\",\"potentialAction\":[{\"@type\":\"ReadAction\",\"target\":[\"https:\/\/fmkstore.com\/sandbox\/fr\/portail-des-recompenses\/\"]}]},{\"@type\":\"BreadcrumbList\",\"@id\":\"https:\/\/fmkstore.com\/sandbox\/fr\/portail-des-recompenses\/#breadcrumb\",\"itemListElement\":[{\"@type\":\"ListItem\",\"position\":1,\"name\":\"Home\",\"item\":\"https:\/\/fmkstore.com\/sandbox\/en\/\"},{\"@type\":\"ListItem\",\"position\":2,\"name\":\"Portail des R\u00e9compenses\"}]},{\"@type\":\"WebSite\",\"@id\":\"https:\/\/fmkstore.com\/sandbox\/#website\",\"url\":\"https:\/\/fmkstore.com\/sandbox\/\",\"name\":\"FMKSTORE\",\"description\":\"Style for Your Life, Solutions for Your Drive.\",\"publisher\":{\"@id\":\"https:\/\/fmkstore.com\/sandbox\/#organization\"},\"potentialAction\":[{\"@type\":\"SearchAction\",\"target\":{\"@type\":\"EntryPoint\",\"urlTemplate\":\"https:\/\/fmkstore.com\/sandbox\/?s={search_term_string}\"},\"query-input\":{\"@type\":\"PropertyValueSpecification\",\"valueRequired\":true,\"valueName\":\"search_term_string\"}}],\"inLanguage\":\"en-US\"},{\"@type\":\"Organization\",\"@id\":\"https:\/\/fmkstore.com\/sandbox\/#organization\",\"name\":\"FMKSTORE\",\"url\":\"https:\/\/fmkstore.com\/sandbox\/\",\"logo\":{\"@type\":\"ImageObject\",\"inLanguage\":\"en-US\",\"@id\":\"https:\/\/fmkstore.com\/sandbox\/#\/schema\/logo\/image\/\",\"url\":\"https:\/\/fmkstore.com\/sandbox\/wp-content\/uploads\/2025\/10\/FMk-Stores-Purple-Logo-Mark-1.png\",\"contentUrl\":\"https:\/\/fmkstore.com\/sandbox\/wp-content\/uploads\/2025\/10\/FMk-Stores-Purple-Logo-Mark-1.png\",\"width\":576,\"height\":720,\"caption\":\"FMKSTORE\"},\"image\":{\"@id\":\"https:\/\/fmkstore.com\/sandbox\/#\/schema\/logo\/image\/\"}}]}<\/script>\n<!-- \/ Yoast SEO plugin. -->","yoast_head_json":{"title":"Portail des R\u00e9compenses - FMK SANDBOX","robots":{"index":"noindex","follow":"follow","max-snippet":"max-snippet:-1","max-image-preview":"max-image-preview:large","max-video-preview":"max-video-preview:-1"},"og_locale":"en_US","og_type":"article","og_title":"Portail des R\u00e9compenses - FMK SANDBOX","og_description":"Guide du Joueur FMK Am\u00e9liorez votre style. R\u00e9clamez vos r\u00e9compenses. Bienvenue dans le Cercle Int\u00e9rieur. Sur la Boutique FMK, vous ne faites pas que du shopping&nbsp;; [\u2026]","og_url":"https:\/\/fmkstore.com\/sandbox\/fr\/portail-des-recompenses\/","og_site_name":"FMK SANDBOX","article_modified_time":"2026-01-04T19:30:44+00:00","twitter_card":"summary_large_image","twitter_misc":{"Est. reading time":"1 minute"},"schema":{"@context":"https:\/\/schema.org","@graph":[{"@type":"WebPage","@id":"https:\/\/fmkstore.com\/sandbox\/fr\/portail-des-recompenses\/","url":"https:\/\/fmkstore.com\/sandbox\/fr\/portail-des-recompenses\/","name":"Portail des R\u00e9compenses - FMK SANDBOX","isPartOf":{"@id":"https:\/\/fmkstore.com\/sandbox\/#website"},"datePublished":"2026-01-04T19:30:39+00:00","dateModified":"2026-01-04T19:30:44+00:00","breadcrumb":{"@id":"https:\/\/fmkstore.com\/sandbox\/fr\/portail-des-recompenses\/#breadcrumb"},"inLanguage":"en-US","potentialAction":[{"@type":"ReadAction","target":["https:\/\/fmkstore.com\/sandbox\/fr\/portail-des-recompenses\/"]}]},{"@type":"BreadcrumbList","@id":"https:\/\/fmkstore.com\/sandbox\/fr\/portail-des-recompenses\/#breadcrumb","itemListElement":[{"@type":"ListItem","position":1,"name":"Home","item":"https:\/\/fmkstore.com\/sandbox\/en\/"},{"@type":"ListItem","position":2,"name":"Portail des R\u00e9compenses"}]},{"@type":"WebSite","@id":"https:\/\/fmkstore.com\/sandbox\/#website","url":"https:\/\/fmkstore.com\/sandbox\/","name":"FMKSTORE","description":"Style for Your Life, Solutions for Your Drive.","publisher":{"@id":"https:\/\/fmkstore.com\/sandbox\/#organization"},"potentialAction":[{"@type":"SearchAction","target":{"@type":"EntryPoint","urlTemplate":"https:\/\/fmkstore.com\/sandbox\/?s={search_term_string}"},"query-input":{"@type":"PropertyValueSpecification","valueRequired":true,"valueName":"search_term_string"}}],"inLanguage":"en-US"},{"@type":"Organization","@id":"https:\/\/fmkstore.com\/sandbox\/#organization","name":"FMKSTORE","url":"https:\/\/fmkstore.com\/sandbox\/","logo":{"@type":"ImageObject","inLanguage":"en-US","@id":"https:\/\/fmkstore.com\/sandbox\/#\/schema\/logo\/image\/","url":"https:\/\/fmkstore.com\/sandbox\/wp-content\/uploads\/2025\/10\/FMk-Stores-Purple-Logo-Mark-1.png","contentUrl":"https:\/\/fmkstore.com\/sandbox\/wp-content\/uploads\/2025\/10\/FMk-Stores-Purple-Logo-Mark-1.png","width":576,"height":720,"caption":"FMKSTORE"},"image":{"@id":"https:\/\/fmkstore.com\/sandbox\/#\/schema\/logo\/image\/"}}]}},"jetpack_sharing_enabled":true,"_links":{"self":[{"href":"https:\/\/fmkstore.com\/sandbox\/wp-json\/wp\/v2\/pages\/2874","targetHints":{"allow":["GET"]}}],"collection":[{"href":"https:\/\/fmkstore.com\/sandbox\/wp-json\/wp\/v2\/pages"}],"about":[{"href":"https:\/\/fmkstore.com\/sandbox\/wp-json\/wp\/v2\/types\/page"}],"author":[{"embeddable":true,"href":"https:\/\/fmkstore.com\/sandbox\/wp-json\/wp\/v2\/users\/1"}],"replies":[{"embeddable":true,"href":"https:\/\/fmkstore.com\/sandbox\/wp-json\/wp\/v2\/comments?post=2874"}],"version-history":[{"count":0,"href":"https:\/\/fmkstore.com\/sandbox\/wp-json\/wp\/v2\/pages\/2874\/revisions"}],"wp:attachment":[{"href":"https:\/\/fmkstore.com\/sandbox\/wp-json\/wp\/v2\/media?parent=2874"}],"curies":[{"name":"wp","href":"https:\/\/api.w.org\/{rel}","templated":true}]}}